{"id":41992,"date":"2022-06-08T15:00:33","date_gmt":"2022-06-08T18:00:33","guid":{"rendered":"https:\/\/nutrimental.com.br\/?page_id=41992"},"modified":"2022-06-14T10:57:06","modified_gmt":"2022-06-14T13:57:06","slug":"termos-e-condicoes-gerais-de-uso-nutrimental","status":"publish","type":"page","link":"https:\/\/nutrimental.com.br\/en\/termos-e-condicoes-gerais-de-uso-nutrimental\/","title":{"rendered":"TERMOS E CONDI\u00c7\u00d5ES GERAIS DE USO NUTRIMENTAL"},"content":{"rendered":"<p>&nbsp;<\/p>\n<p>&nbsp;<\/p>\n<p>&nbsp;<\/p>\n\n\n<h2 style=\"text-align: center;\"><span style=\"color: #333333;\">TERMOS E CONDI\u00c7\u00d5ES GERAIS DE USO NUTRIMENTAL<\/span><\/h2>\n<p><span style=\"color: #333333;\"><b>NUTRIMENTAL S.A. IND\u00daSTRIA E COMERCIO DE ALIMENTOS<\/b>, pessoa jur\u00eddica de direito privado, inscrita no CNPJ sob no 76.633.890\/0026-99, com sede \u00e0 Rua Dr. Marcelino Nogueira, no 1182 \u2013 Centro \u2013 S\u00e3o Jos\u00e9 dos Pinhais\/PR, CEP: 83005-370, com e-mail: <b>cac@nutrimental.com.br<\/b>, por estes <b>Termos e Condi\u00e7\u00f5es Gerais de Uso (Termos)<\/b>, apresenta aos <b>Usu\u00e1rios<\/b> em geral as condi\u00e7\u00f5es de uso dos Servi\u00e7os e Produtos oferecidos e prestados.<\/span><\/p>\n<p><span style=\"color: #333333;\">Ol\u00e1. Bem-vindo aos <b>Termos e Condi\u00e7\u00f5es Gerais de Uso<\/b>. Agradecemos por optar pela <b>NUTRIMENTAL<\/b> \u2013 site: <b>https:\/\/nutrimental.com.br\/<\/b>.<\/span><\/p>\n<p><span style=\"color: #333333;\">Estes <b>Termos <\/b>regem nosso relacionamento com voc\u00ea, em rela\u00e7\u00e3o ao dom\u00ednio <b>https:\/\/nutrimental.com.br\/<\/b>, sob todas as suas p\u00e1ginas e subdom\u00ednios. Os Servi\u00e7os e Produtos oferecidos e prestados para os Usu\u00e1rios ocorrer\u00e3o por meio das condi\u00e7\u00f5es expostas neste documento, leia com aten\u00e7\u00e3o antes de acessar ou utilizar os mesmos.<\/span><\/p>\n<p><span style=\"color: #333333;\">Ao acessar e utilizar os Servi\u00e7os e Produtos da marca <b>NUTRIMENTAL<\/b>, os <b>Usu\u00e1rios <\/b>aceitam e se submetem \u00e0s condi\u00e7\u00f5es presentes nestes <b>Termos <\/b>e \u00e0 <b>Pol\u00edtica de Privacidade<\/b>, bem como, a todos os documentos anexos e eventuais atualiza\u00e7\u00f5es posteriores.<\/span><\/p>\n<p><span style=\"color: #333333;\">Os Servi\u00e7os e Produtos podem ser disponibilizados e acessados em conex\u00e3o com sistemas de terceiros, logo, voc\u00ea reconhece que <b>Termos <\/b>and <b>Pol\u00edticas de Privacidade <\/b>diferentes poder\u00e3o ser aplic\u00e1veis ao uso.<\/span><\/p>\n<p><span style=\"color: #333333;\">Estes <b>Termos e Condi\u00e7\u00f5es Gerais de Uso<\/b> e eventuais anexos s\u00e3o a express\u00e3o final dos entendimentos entre os <b>Usu\u00e1rios<\/b>, substituindo todas as negocia\u00e7\u00f5es e documentos por escrito havidos anteriormente e\/ou entre empresas \u00e0s mesmas veiculadas.<\/span><\/p>\n<p><span style=\"color: #333333;\">Se voc\u00ea n\u00e3o concorda com estes <b>Termos<\/b>, voc\u00ea n\u00e3o pode acessar ou utilizar os Servi\u00e7os e Produtos.<\/span><\/p>\n<p><span style=\"color: #333333;\"><b>OBJETO<\/b><\/span><\/p>\n<p><span style=\"color: #333333;\">A <b>NUTRIMENTAL <\/b>busca desenvolver e ofertar alimentos saud\u00e1veis e pr\u00e1ticos, sempre com elevado padr\u00e3o de qualidade, com o intuito de atender as necessidades e expectativas de nossos clientes e consumidores.<\/span><\/p>\n<p><span style=\"color: #333333;\">O <b>Usu\u00e1rio<\/b> declara possuir capacidade legal para assumir, concordar com estes <b>Termos <\/b>e para realizar todas as a\u00e7\u00f5es disponibilizadas e oferecidas pela <b>NUTRIMENTAL<\/b>, assumindo responsabilidade civil, criminal e administrativa pelas informa\u00e7\u00f5es prestadas e seu uso.<\/span><\/p>\n<p><span style=\"color: #333333;\"><b>INFORMA\u00c7\u00d5ES<\/b><\/span><\/p>\n<p><span style=\"color: #333333;\">Caso o <b>Usu\u00e1rio <\/b>deseje, pode acessar as abas \u201conde encontrar\u201d; \u201cexporta\u00e7\u00e3o\u201d e\/ou \u201cquero vender\u201d, neste caso, informa\u00e7\u00f5es pr\u00e9vias s\u00e3o requisitadas por parte do <b>Usu\u00e1rio.<\/b><\/span><\/p>\n<p><span style=\"color: #333333;\">Ao prestar informa\u00e7\u00f5es, os <b>Usu\u00e1rios<\/b>, novamente, confirmam sua aceita\u00e7\u00e3o aos <b>Termos <\/b>e \u00e0<b> Pol\u00edtica de Privacidade<\/b>, passando a ter acesso.<\/span><\/p>\n<p><span style=\"color: #333333;\">\u00c9 responsabilidade legal dos <b>Usu\u00e1rios <\/b>fornecer informa\u00e7\u00f5es verdadeiras e atualizadas. Estas informa\u00e7\u00f5es s\u00e3o essenciais para fins de comunica\u00e7\u00e3o.<\/span><\/p>\n<p><span style=\"color: #333333;\">A <b>NUTRIMENTAL<\/b>, a seu exclusivo crit\u00e9rio e a qualquer momento, poder\u00e1 realizar as buscas que julgar necess\u00e1rias para apurar a exist\u00eancia de dados incorretos ou inver\u00eddicos, solicitando ao <b>Usu\u00e1rio <\/b>dados adicionais, eventualmente, at\u00e9 mesmo documentos, que considere pertinentes para eventual confer\u00eancia de dados.<\/span><\/p>\n<p><span style=\"color: #333333;\">Em qualquer circunst\u00e2ncia, voc\u00ea ser\u00e1 o \u00fanico respons\u00e1vel por declara\u00e7\u00f5es falsas ou inexatas que prestar e que vierem a causar preju\u00edzo \u00e0 <b>NUTRIMENTAL <\/b>ou a terceiros.<\/span><\/p>\n<p><span style=\"color: #333333;\">Lembrando que a <b>NUTRIMENTAL <\/b>se compromete a utilizar todos os mecanismos poss\u00edveis para que seus dados estejam sempre integralmente protegidos, mas lamentavelmente n\u00e3o podemos garantir total seguran\u00e7a.<\/span><\/p>\n<p><span style=\"color: #333333;\">Caso deseje informa\u00e7\u00f5es espec\u00edficas acerca dos dados e uso, acesse a <b>Pol\u00edtica de Privacidade <\/b>ou entre em contato atrav\u00e9s do e-mail: <b>cac@nutrimental.com.br.<\/b><\/span><\/p>\n<p><span style=\"color: #333333;\"><b>CONDI\u00c7\u00d5ES<\/b><\/span><\/p>\n<p><span style=\"color: #333333;\">O <b>Usu\u00e1rio <\/b>\u00e9 respons\u00e1vel por obter o acesso a rede de dados necess\u00e1rios. As taxas e encargos de sua rede de dados poder\u00e3o se aplicar se voc\u00ea acessar ou usar os Servi\u00e7os e Produtos de um dispositivo sem fio e voc\u00ea ser\u00e1 respons\u00e1vel por essas taxas e encargos.<\/span><\/p>\n<p><span style=\"color: #333333;\">O <b>Usu\u00e1rio <\/b>\u00e9 respons\u00e1vel por adquirir e atualizar os equipamentos e dispositivos necess\u00e1rios para acessar e usar os Servi\u00e7os e Produtos.<\/span><\/p>\n<p><span style=\"color: #333333;\">A <b>NUTRIMENTAL <\/b>n\u00e3o garante que os Servi\u00e7os e Produtos, ou qualquer parte deles, funcionar\u00e3o em qualquer equipamento ou dispositivo em particular. Al\u00e9m disso, os Servi\u00e7os e Produtos poder\u00e3o estar sujeitos a mau funcionamento e atrasos inerentes ao uso da Internet e de comunica\u00e7\u00f5es eletr\u00f4nicas.<\/span><\/p>\n<p><span style=\"color: #333333;\">A <b>NUTRIMENTAL <\/b>reserva-se o direito de acompanhar todas as intera\u00e7\u00f5es realizadas para assegurar o cumprimento das regras descritas nesse documento. Caso algum Usu\u00e1rio viole os termos descritos, o mesmo poder\u00e1 ser exclu\u00eddo.<\/span><\/p>\n<p><span style=\"color: #333333;\">Os Servi\u00e7os e Produtos destinam-se aos <b>Usu\u00e1rios<\/b>, sendo estritamente vedado o uso de dispositivos estranhos, softwares, scripts ou qualquer outro mecanismo, tais como: <i>robot crawler, data mining, data scraping<\/i>, entre outros.<\/span><\/p>\n<p><span style=\"color: #333333;\">N\u00e3o ser\u00e3o toleradas quaisquer formas de engenharia reversa, seja para desmontar, decifrar, descompilar ou, de qualquer forma, tentar copiar o c\u00f3digo fonte ou qualquer conte\u00fado de propriedade intelectual disponibilizado.<\/span><\/p>\n<p><span style=\"color: #333333;\">\u00c9 vedado reproduzir, modificar, preparar obras derivadas, distribuir, licenciar, locar, vender, revender, transferir, exibir, veicular, transmitir ou, de qualquer outro modo, explorar os Servi\u00e7os e Produtos.<\/span><\/p>\n<p><span style=\"color: #333333;\">\u00c9 vedado tamb\u00e9m tentar obter acesso n\u00e3o autorizado aos Servi\u00e7os e Produtos ou prejudicar qualquer aspecto dos Servi\u00e7os e Produtos, seus sistemas ou redes correlatas.<\/span><\/p>\n<p><span style=\"color: #333333;\"><b>PRAZO<\/b><\/span><\/p>\n<p><span style=\"color: #333333;\">Os Termos do presente, estar\u00e3o vigentes at\u00e9 que sejam encerrados por voc\u00ea ou por <b>NUTRIMENTAL.<\/b><\/span><\/p>\n<p><span style=\"color: #333333;\"><b>SAN\u00c7\u00d5ES E RESTRI\u00c7\u00d5ES<\/b><\/span><\/p>\n<p><span style=\"color: #333333;\">A <b>NUTRIMENTAL <\/b>se reserva ao direito de aplicar penalidades ou suspender acesso de <b>Usu\u00e1rios <\/b>que n\u00e3o estiveram de acordo com a proposta de seus Servi\u00e7os e Produtos, n\u00e3o tenham informado dados v\u00e1lidos ou que tenham sido denunciados.<\/span><\/p>\n<p><span style=\"color: #333333;\"><b>RESCIS\u00c3O E CANCELAMENTO<\/b><\/span><\/p>\n<p><span style=\"color: #333333;\">A <b>NUTRIMENTAL <\/b>poder\u00e1 a qualquer momento restringir, suspender ou at\u00e9 mesmo cancelar o seu acesso e sua possibilidade de beneficiar-se de suas fun\u00e7\u00f5es, sem aviso pr\u00e9vio, bastando apenas a nossa interpreta\u00e7\u00e3o de que voc\u00ea violou os <b>Termos <\/b>e as condi\u00e7\u00f5es aqui presentes.<\/span><\/p>\n<p><span style=\"color: #333333;\">Caso deseje informa\u00e7\u00f5es espec\u00edficas sobre a nossa pol\u00edtica de cancelamento para Servi\u00e7os e\/ou Produtos, entre em contato atrav\u00e9s do e-mail: <b>cac@nutrimental.com.br.<\/b><\/span><\/p>\n<p><span style=\"color: #333333;\"><b>PROPRIEDADE INTELECTUAL<\/b><\/span><\/p>\n<p><span style=\"color: #333333;\">A <b>NUTRIMENTAL <\/b>reserva a si todos os seus direitos de propriedade de suas Marcas, Servi\u00e7os e Produtos.<\/span><\/p>\n<p><span style=\"color: #333333;\">Estes <b>Termos <\/b>ou a utiliza\u00e7\u00e3o que se fa\u00e7a dos Servi\u00e7os e Produtos n\u00e3o transferir\u00e3o ou outorgar\u00e3o direitos ao <b>Usu\u00e1rio<\/b>. N\u00e3o ser\u00e1 autorizada a refer\u00eancia do nome da companhia, assim como a reprodu\u00e7\u00e3o de logotipos, nomes de Servi\u00e7os e Produtos, marcas comerciais ou marcas de Servi\u00e7os e Produtos da <b>NUTRIMENTAL<\/b>, sem a devida autoriza\u00e7\u00e3o.<\/span><\/p>\n<p><span style=\"color: #333333;\">A <b>NUTRIMENTAL<\/b>, na qualidade de leg\u00edtima titular de todos os direitos de propriedade intelectual dos Servi\u00e7os e Produtos, desde j\u00e1, ressalva o seu direito de n\u00e3o ceder e\/ou transferir a propriedade intelectual e\/ou autoral.<\/span><\/p>\n<p><span style=\"color: #333333;\">O <b>Usu\u00e1rio <\/b>autoriza a <b>NUTRIMENTAL <\/b>a usar e divulgar, em suas m\u00eddias sociais, as informa\u00e7\u00f5es, logotipos, marca, fotos de redes sociais, v\u00eddeos e imagens pessoais e de campanhas.<\/span><\/p>\n<p><span style=\"color: #333333;\">Todo conte\u00fado, tais como: marca registrada, textos, informa\u00e7\u00f5es, imagens, v\u00eddeos e outros materiais publicados, al\u00e9m do banco de dados e c\u00f3digo fonte que suporta o dom\u00ednio <b>https:\/\/nutrimental.com.br\/<\/b> s\u00e3o de propriedade da <b>NUTRIMENTAL<\/b>, protegidos pelas leis e regulamentos aplic\u00e1veis a direitos autorais e propriedade intelectual.<\/span><\/p>\n<p><span style=\"color: #333333;\">No caso do conte\u00fado que voc\u00ea enviar ou transmitir por qualquer sistema em sentido amplo, voc\u00ea autoriza a <b>NUTRIMENTAL <\/b>a utilizar os direitos intelectuais sobre eles em car\u00e1ter irrevog\u00e1vel, sem qualquer restri\u00e7\u00e3o ou limita\u00e7\u00e3o de qualquer natureza.<\/span><\/p>\n<p><span style=\"color: #333333;\">Eventualmente, Servi\u00e7os e Produtos de terceiros, bem como, propagandas e opini\u00f5es podem ser ofertadas, todavia, n\u00e3o necessariamente refletem a opini\u00e3o ou s\u00e3o de propriedade da <b>NUTRIMENTAL<\/b>.<\/span><\/p>\n<p><span style=\"color: #333333;\"><b>CONDI\u00c7\u00d5ES GERAIS<\/b><\/span><\/p>\n<p><span style=\"color: #333333;\">A <b>NUTRIMENTAL <\/b>esclarece que qualquer conte\u00fado gerado por Usu\u00e1rio \u00e9 de responsabilidade deste, sendo que a <strong>NUTRIMENTAL<\/strong> se responsabiliza t\u00e3o somente por conte\u00fado pr\u00f3prio. Caso o Usu\u00e1rio detecte eventual produ\u00e7\u00e3o impr\u00f3pria, por gentileza, entre em contato atrav\u00e9s de nossos canais de atendimento para an\u00e1lise e resolu\u00e7\u00e3o do problema.<\/span><\/p>\n<p><span style=\"color: #333333;\">A <b>NUTRIMENTAL <\/b>poder\u00e1 alterar as condi\u00e7\u00f5es destes <b>Termos de Uso e Condi\u00e7\u00f5es Gerais<\/b>, ao seu exclusivo crit\u00e9rio e a qualquer momento, sem aviso pr\u00e9vio, sendo que os <b>Usu\u00e1rios <\/b>podem rejeitar as altera\u00e7\u00f5es, sem qualquer \u00f4nus ou penalidade, caso n\u00e3o concordem com a modifica\u00e7\u00e3o, simplesmente cessando o uso e n\u00e3o contratando\/comprando novos Servi\u00e7os e Produtos.<\/span><\/p>\n<p><span style=\"color: #333333;\">As altera\u00e7\u00f5es n\u00e3o vigorar\u00e3o em rela\u00e7\u00e3o a Servi\u00e7os e Produtos j\u00e1 prestados ou iniciados ao tempo em que tais altera\u00e7\u00f5es sejam publicadas. Apenas para estes, os <b>Termos <\/b>valer\u00e3o conforme reda\u00e7\u00e3o anterior.<\/span><\/p>\n<p><span style=\"color: #333333;\">Qualquer altera\u00e7\u00e3o passa a ter validade no momento de sua publica\u00e7\u00e3o, podendo ser diferente conforme cada Pa\u00eds. Estes <b>Termos <\/b>dever\u00e3o ser interpretados conforme a regi\u00e3o em que foi efetuado o Cadastro dos <b>Usu\u00e1rios <\/b>ou acesso.<\/span><\/p>\n<p><span style=\"color: #333333;\">Sempre que poss\u00edvel, potenciais diverg\u00eancias entre voc\u00ea e a empresa ser\u00e3o resolvidos de forma amig\u00e1vel, isso \u00e9, a <b>NUTRIMENTAL <\/b>disponibiliza uma estrutura de atendimento, composta por ferramentas de contato e uma equipe especializada de suporte para o tratamento de reclama\u00e7\u00f5es com o objetivo de evitar a\u00a0 \u00a0judicializa\u00e7\u00e3o de controv\u00e9rsias que, eventualmente, possam surgir.<\/span><\/p>\n<p><span style=\"color: #333333;\">A toler\u00e2ncia de qualquer viola\u00e7\u00e3o a dispositivos destes <b>Termos <\/b>ser\u00e1 sempre entendida como mera liberalidade, n\u00e3o constituindo nova\u00e7\u00e3o, n\u00e3o gerando, portanto, qualquer direito opon\u00edvel, nem a perda da prerrogativa em exigir, de lado a lado, o pleno cumprimento das obriga\u00e7\u00f5es aven\u00e7adas e a repara\u00e7\u00e3o de qualquer dano.<\/span><\/p>\n<p><span style=\"color: #333333;\">Se qualquer disposi\u00e7\u00e3o destes <b>Termos <\/b>for considerada inv\u00e1lida e\/ou ineficaz, as <b>Partes <\/b>dever\u00e3o envidar seus melhores esfor\u00e7os para substitu\u00ed-la por outra de conte\u00fado similar e com os mesmos efeitos. A eventual invalidade e\/ou inefic\u00e1cia de uma ou mais cl\u00e1usulas n\u00e3o afetar\u00e1 as demais disposi\u00e7\u00f5es dos presentes <b>Termos.<\/b><\/span><\/p>\n<p><span style=\"color: #333333;\">Nossos <b>Termos <\/b>foram elaborados em portugu\u00eas (Brasileiro). As vers\u00f5es traduzidas s\u00e3o fornecidas apenas para sua conveni\u00eancia. Caso haja conflitos entre a vers\u00e3o traduzida e a vers\u00e3o em portugu\u00eas dos nossos <b>Termos<\/b>, a vers\u00e3o em portugu\u00eas prevalecer\u00e1. Qualquer altera\u00e7\u00e3o ou ren\u00fancia propostas por voc\u00ea aos nossos <b>Termos <\/b>requerem nossa autoriza\u00e7\u00e3o expressa.<\/span><\/p>\n<p><span style=\"color: #333333;\"><b>CONTATO<\/b><\/span><\/p>\n<p><span style=\"color: #333333;\">Toda e qualquer comunica\u00e7\u00e3o da <b>NUTRIMENTAL <\/b>aos seus <b>Usu\u00e1rios <\/b>ocorrer\u00e1 apenas com o intuito de oferecer notifica\u00e7\u00f5es pertinentes sobre a utiliza\u00e7\u00e3o dos Servi\u00e7os e Produtos, dos produtos e funcionalidades, podendo, ainda, haver o envio de mensagens informativas e promocionais, como ofertas de parceiros, dicas, novidades etc.<\/span><\/p>\n<p><span style=\"color: #333333;\">As mensagens da <b>NUTRIMENTAL <\/b>s\u00e3o enviadas apenas para o contato cadastrado pelo Usu\u00e1rio, o que significa garantir expressamente que a <b>NUTRIMENTAL <\/b>n\u00e3o pratica SPAM.<\/span><\/p>\n<p><span style=\"color: #333333;\">O recebimento dos e-mails pode ser interrompido a qualquer momento, solicitado a partir do link localizado no final das mensagens ou pelo envio de uma mensagem para o e-mail: <b>cac@nutrimental.com.br.<\/b><\/span><\/p>\n<p><span style=\"color: #333333;\">Toda solicita\u00e7\u00e3o de exclus\u00e3o de e-mail ou contato ser\u00e1 prontamente atendida.<\/span><\/p>\n<p><span style=\"color: #333333;\"><b>FORO<\/b><\/span><\/p>\n<p><span style=\"color: #333333;\">Os presentes <strong>Termos<\/strong> ser\u00e3o regidos pela legisla\u00e7\u00e3o brasileira e, para dirimir eventuais controv\u00e9rsias dele provenientes, os <b>Usu\u00e1rios <\/b>elegem o foro de Curitiba, Estado do Paran\u00e1, com exclus\u00e3o de qualquer outro, por mais privilegiado que seja.<\/span><\/p>\n<p><span style=\"color: #333333;\">Se voc\u00ea n\u00e3o encontrou o que estava procurando, deseja informa\u00e7\u00f5es espec\u00edficas, suporte ou precisa falar conosco por qualquer outro motivo, entre em contato!<\/span><\/p>\n<p><span style=\"color: #333333;\">Envie sua mensagem atrav\u00e9s de nosso e-mail: <b>cac@nutrimental.com.br.<\/b><\/span><\/p>\n<p style=\"text-align: right;\"><span style=\"color: #333333;\">S\u00e3o Jos\u00e9 dos Pinhais, 11 de maio de 2022.<\/span><\/p>","protected":false},"excerpt":{"rendered":"<p>&nbsp; &nbsp; &nbsp; TERMOS E CONDI\u00c7\u00d5ES GERAIS DE USO NUTRIMENTAL NUTRIMENTAL S.A. IND\u00daSTRIA E COMERCIO DE ALIMENTOS, pessoa jur\u00eddica de direito privado, inscrita no CNPJ sob no 76.633.890\/0026-99, com sede \u00e0 Rua Dr. Marcelino Nogueira, no 1182 \u2013 Centro \u2013 S\u00e3o Jos\u00e9 dos Pinhais\/PR, CEP: 83005-370, com e-mail: cac@nutrimental.com.br, por estes Termos e Condi\u00e7\u00f5es Gerais [&hellip;]<\/p>","protected":false},"author":1,"featured_media":0,"parent":0,"menu_order":0,"comment_status":"closed","ping_status":"closed","template":"templates\/template-full-notitle.php","meta":{"footnotes":""},"class_list":["post-41992","page","type-page","status-publish","hentry","post"],"aioseo_notices":[],"_links":{"self":[{"href":"https:\/\/nutrimental.com.br\/en\/wp-json\/wp\/v2\/pages\/41992","targetHints":{"allow":["GET"]}}],"collection":[{"href":"https:\/\/nutrimental.com.br\/en\/wp-json\/wp\/v2\/pages"}],"about":[{"href":"https:\/\/nutrimental.com.br\/en\/wp-json\/wp\/v2\/types\/page"}],"author":[{"embeddable":true,"href":"https:\/\/nutrimental.com.br\/en\/wp-json\/wp\/v2\/users\/1"}],"replies":[{"embeddable":true,"href":"https:\/\/nutrimental.com.br\/en\/wp-json\/wp\/v2\/comments?post=41992"}],"version-history":[{"count":5,"href":"https:\/\/nutrimental.com.br\/en\/wp-json\/wp\/v2\/pages\/41992\/revisions"}],"predecessor-version":[{"id":42123,"href":"https:\/\/nutrimental.com.br\/en\/wp-json\/wp\/v2\/pages\/41992\/revisions\/42123"}],"wp:attachment":[{"href":"https:\/\/nutrimental.com.br\/en\/wp-json\/wp\/v2\/media?parent=41992"}],"curies":[{"name":"wp","href":"https:\/\/api.w.org\/{rel}","templated":true}]}}