{"id":4182,"date":"2018-04-19T10:53:29","date_gmt":"2018-04-19T13:53:29","guid":{"rendered":"http:\/\/sitenutrimental.com.br\/?page_id=4182"},"modified":"2019-12-10T18:35:04","modified_gmt":"2019-12-10T21:35:04","slug":"noticia","status":"publish","type":"page","link":"https:\/\/nutrimental.com.br\/en\/noticia\/","title":{"rendered":"Not\u00edcia"},"content":{"rendered":"<div id=\"pl-4182\"  class=\"panel-layout\" ><div id=\"pg-4182-0\"  class=\"panel-grid panel-has-style\" ><div class=\"siteorigin-panels-stretch panel-row-style panel-row-style-for-4182-0\" data-stretch-type=\"full\" ><div id=\"pgc-4182-0-0\"  class=\"panel-grid-cell\" ><\/div><\/div><\/div><div id=\"pg-4182-1\"  class=\"panel-grid panel-has-style\" ><div class=\"siteorigin-panels-stretch panel-row-style panel-row-style-for-4182-1\" id=\"curva-banners\" data-stretch-type=\"full\" ><div id=\"pgc-4182-1-0\"  class=\"panel-grid-cell\" ><div id=\"panel-4182-1-0-0\" class=\"so-panel widget widget_sow-editor panel-first-child\" data-index=\"1\" ><div class=\"font-lighter thin panel-widget-style panel-widget-style-for-4182-1-0-0\" ><div\n\t\t\t\n\t\t\tclass=\"so-widget-sow-editor so-widget-sow-editor-base\"\n\t\t\t\n\t\t>\n<div class=\"siteorigin-widget-tinymce textwidget\">\n\t<h1 style=\"text-align: center;\"><span style=\"color: #00b1eb;\"><strong>NEWS<\/strong><\/span><\/h1>\n<p><img loading=\"lazy\" data-recalc-dims=\"1\" decoding=\"async\" class=\"size-medium wp-image-260 aligncenter\" src=\"https:\/\/i0.wp.com\/sitenutrimental.com.br\/wp-content\/uploads\/2018\/01\/padrao-separador-titulo-300x3.png?resize=300%2C3\" alt=\"Separador\" width=\"300\" height=\"3\" srcset=\"https:\/\/i0.wp.com\/nutrimental.com.br\/wp-content\/uploads\/2018\/01\/padrao-separador-titulo.png?resize=300%2C3&amp;ssl=1 300w, https:\/\/i0.wp.com\/nutrimental.com.br\/wp-content\/uploads\/2018\/01\/padrao-separador-titulo.png?resize=436%2C5&amp;ssl=1 436w, https:\/\/i0.wp.com\/nutrimental.com.br\/wp-content\/uploads\/2018\/01\/padrao-separador-titulo.png?w=483&amp;ssl=1 483w\" sizes=\"(max-width: 300px) 100vw, 300px\" \/><\/p>\n<h3 style=\"text-align: center;\">Check out the latest news, notes and content from Nutrimental.<\/h3>\n<\/div>\n<\/div><\/div><\/div><div id=\"panel-4182-1-0-1\" class=\"widget_text so-panel widget widget_custom_html panel-last-child\" data-index=\"2\" ><div id=\"nutry-busca\" class=\"widget_text panel-widget-style panel-widget-style-for-4182-1-0-1\" ><div class=\"textwidget custom-html-widget\"><div class=\"asl_w_container asl_w_container_1\" data-id=\"1\" data-instance=\"1\">\n\t<div id='ajaxsearchlite1'\n\t\tdata-id=\"1\"\n\t\tdata-instance=\"1\"\n\t\tclass=\"asl_w asl_m asl_m_1 asl_m_1_1\">\n\t\t<div class=\"probox\">\n\n\t\n\t<div class='prosettings'  data-opened=\"0\">\n\t\t\t\t<div class='innericon'>\n\t\t\t<svg version=\"1.1\" xmlns=\"http:\/\/www.w3.org\/2000\/svg\" xmlns:xlink=\"http:\/\/www.w3.org\/1999\/xlink\" x=\"0px\" y=\"0px\" width=\"22\" height=\"22\" viewbox=\"0 0 512 512\" enable-background=\"new 0 0 512 512\" xml:space=\"preserve\">\n\t\t\t\t\t<polygon transform = \"rotate(90 256 256)\" points=\"142.332,104.886 197.48,50 402.5,256 197.48,462 142.332,407.113 292.727,256 \"\/>\n\t\t\t\t<\/svg>\n\t\t<\/div>\n\t<\/div>\n\n\t\n\t\n\t<div class='proinput'>\n\t\t<form role=\"search\" action='#' autocomplete=\"off\"\n\t\t\t\taria-label=\"Search form\" data-trp-original-action=\"#\">\n\t\t\t<input aria-label=\"Search input\"\n\t\t\t\t\ttype='search' class='orig'\n\t\t\t\t\ttabindex=\"0\"\n\t\t\t\t\tname='phrase'\n\t\t\t\t\tplaceholder='Buscar agora ...'\n\t\t\t\t\tvalue=''\n\t\t\t\t\tautocomplete=\"off\"\/>\n\t\t\t<input aria-label=\"Search autocomplete input\"\n\t\t\t\t\ttype='text'\n\t\t\t\t\tclass='autocomplete'\n\t\t\t\t\ttabindex=\"-1\"\n\t\t\t\t\tname='phrase'\n\t\t\t\t\tvalue=''\n\t\t\t\t\tautocomplete=\"off\" disabled>\n\t\t\t<input type='submit' value=\"Start search\" style='width:0; height: 0; visibility: hidden;'>\n\t\t<input type=\"hidden\" name=\"trp-form-language\" value=\"en\"\/><\/form>\n\t<\/div>\n\n\t\n\t\n\t<button class='promagnifier' tabindex=\"0\" aria-label=\"Search magnifier button\">\n\t\t\t\t<span class='innericon' style=\"display:block;\">\n\t\t\t<svg version=\"1.1\" xmlns=\"http:\/\/www.w3.org\/2000\/svg\" xmlns:xlink=\"http:\/\/www.w3.org\/1999\/xlink\" x=\"0px\" y=\"0px\" width=\"22\" height=\"22\" viewbox=\"0 0 512 512\" enable-background=\"new 0 0 512 512\" xml:space=\"preserve\">\n\t\t\t\t\t<path d=\"M460.355,421.59L353.844,315.078c20.041-27.553,31.885-61.437,31.885-98.037\t\t\t\t\t\tC385.729,124.934,310.793,50,218.686,50C126.58,50,51.645,124.934,51.645,217.041c0,92.106,74.936,167.041,167.041,167.041\t\t\t\t\t\tc34.912,0,67.352-10.773,94.184-29.158L419.945,462L460.355,421.59z M100.631,217.041c0-65.096,52.959-118.056,118.055-118.056\t\t\t\t\t\tc65.098,0,118.057,52.959,118.057,118.056c0,65.096-52.959,118.056-118.057,118.056C153.59,335.097,100.631,282.137,100.631,217.041\t\t\t\t\t\tz\"\/>\n\t\t\t\t<\/svg>\n\t\t<\/span>\n\t<\/button>\n\n\t\n\t\n\t<div class='proloading'>\n\n\t\t<div class=\"asl_loader\"><div class=\"asl_loader-inner asl_simple-circle\"><\/div><\/div>\n\n\t\t\t<\/div>\n\n\t\n\t\n<\/div>\t<\/div>\n\t<div class='asl_data_container' style=\"display:none !important;\">\n\t\t<div class=\"asl_init_data wpdreams_asl_data_ct\"\n\tstyle=\"display:none !important;\"\n\tid=\"asl_init_id_1\"\n\tdata-asl-id=\"1\"\n\tdata-asl-instance=\"1\"\n\tdata-settings=\"{&quot;homeurl&quot;:&quot;https:\\\/\\\/nutrimental.com.br\\\/en\\\/&quot;,&quot;resultstype&quot;:&quot;vertical&quot;,&quot;resultsposition&quot;:&quot;hover&quot;,&quot;itemscount&quot;:4,&quot;charcount&quot;:0,&quot;highlight&quot;:false,&quot;highlightWholewords&quot;:true,&quot;singleHighlight&quot;:false,&quot;scrollToResults&quot;:{&quot;enabled&quot;:false,&quot;offset&quot;:0},&quot;resultareaclickable&quot;:1,&quot;autocomplete&quot;:{&quot;enabled&quot;:false,&quot;lang&quot;:&quot;pt&quot;,&quot;trigger_charcount&quot;:0},&quot;mobile&quot;:{&quot;menu_selector&quot;:&quot;#menu-toggle&quot;},&quot;trigger&quot;:{&quot;click&quot;:&quot;results_page&quot;,&quot;click_location&quot;:&quot;same&quot;,&quot;update_href&quot;:false,&quot;return&quot;:&quot;results_page&quot;,&quot;return_location&quot;:&quot;same&quot;,&quot;facet&quot;:true,&quot;type&quot;:true,&quot;redirect_url&quot;:&quot;?s={phrase}&quot;,&quot;delay&quot;:300},&quot;animations&quot;:{&quot;pc&quot;:{&quot;settings&quot;:{&quot;anim&quot;:&quot;fadedrop&quot;,&quot;dur&quot;:300},&quot;results&quot;:{&quot;anim&quot;:&quot;fadedrop&quot;,&quot;dur&quot;:300},&quot;items&quot;:&quot;voidanim&quot;},&quot;mob&quot;:{&quot;settings&quot;:{&quot;anim&quot;:&quot;fadedrop&quot;,&quot;dur&quot;:300},&quot;results&quot;:{&quot;anim&quot;:&quot;fadedrop&quot;,&quot;dur&quot;:300},&quot;items&quot;:&quot;voidanim&quot;}},&quot;autop&quot;:{&quot;state&quot;:true,&quot;phrase&quot;:&quot;&quot;,&quot;count&quot;:&quot;1&quot;},&quot;resPage&quot;:{&quot;useAjax&quot;:false,&quot;selector&quot;:&quot;#main&quot;,&quot;trigger_type&quot;:true,&quot;trigger_facet&quot;:true,&quot;trigger_magnifier&quot;:false,&quot;trigger_return&quot;:false},&quot;resultsSnapTo&quot;:&quot;left&quot;,&quot;results&quot;:{&quot;width&quot;:&quot;auto&quot;,&quot;width_tablet&quot;:&quot;auto&quot;,&quot;width_phone&quot;:&quot;auto&quot;},&quot;settingsimagepos&quot;:&quot;right&quot;,&quot;closeOnDocClick&quot;:true,&quot;overridewpdefault&quot;:false,&quot;override_method&quot;:&quot;get&quot;}\"><\/div>\n\t<div id=\"asl_hidden_data\">\n\t\t<svg style=\"position:absolute\" height=\"0\" width=\"0\">\n\t\t\t<filter id=\"aslblur\">\n\t\t\t\t<fegaussianblur in=\"SourceGraphic\" stddeviation=\"4\"\/>\n\t\t\t<\/filter>\n\t\t<\/svg>\n\t\t<svg style=\"position:absolute\" height=\"0\" width=\"0\">\n\t\t\t<filter id=\"no_aslblur\"><\/filter>\n\t\t<\/svg>\n\t<\/div>\n\t<\/div>\n\n\t<div id='ajaxsearchliteres1'\n\tclass='vertical wpdreams_asl_results asl_w asl_r asl_r_1 asl_r_1_1'>\n\n\t\n\t<div class=\"results\">\n\n\t\t\n\t\t<div class=\"resdrg\">\n\t\t<\/div>\n\n\t\t\n\t<\/div>\n\n\t\n\t\n<\/div>\n\n\t<div id='__original__ajaxsearchlitesettings1'\n\t\tdata-id=\"1\"\n\t\tclass=\"searchsettings wpdreams_asl_settings asl_w asl_s asl_s_1\">\n\t\t<form name='options'\n\t\taria-label=\"Search settings form\"\n\t\tautocomplete = 'off' action=\"\">\n\n\t\n\t\n\t<input type=\"hidden\" name=\"filters_changed\" style=\"display:none;\" value=\"0\">\n\t<input type=\"hidden\" name=\"filters_initial\" style=\"display:none;\" value=\"1\">\n\n\t<div class=\"asl_option_inner hiddend\">\n\t\t<input type='hidden' name='qtranslate_lang' id='qtranslate_lang'\n\t\t\t\tvalue='0'\/>\n\t<\/div>\n\n\t\n\t\n\t<fieldset class=\"asl_sett_scroll\">\n\t\t<legend style=\"display: none;\">Generic selectors<\/legend>\n\t\t<div class=\"asl_option\" tabindex=\"0\">\n\t\t\t<div class=\"asl_option_inner\">\n\t\t\t\t<input type=\"checkbox\" value=\"exact\"\n\t\t\t\t\t\taria-label=\"Exact matches only\"\n\t\t\t\t\t\tname=\"asl_gen[]\" \/>\n\t\t\t\t<div class=\"asl_option_checkbox\"><\/div>\n\t\t\t<\/div>\n\t\t\t<div class=\"asl_option_label\">\n\t\t\t\tExact matches only\t\t\t<\/div>\n\t\t<\/div>\n\t\t<div class=\"asl_option\" tabindex=\"0\">\n\t\t\t<div class=\"asl_option_inner\">\n\t\t\t\t<input type=\"checkbox\" value=\"title\"\n\t\t\t\t\t\taria-label=\"Search in title\"\n\t\t\t\t\t\tname=\"asl_gen[]\"  checked=\"checked\"\/>\n\t\t\t\t<div class=\"asl_option_checkbox\"><\/div>\n\t\t\t<\/div>\n\t\t\t<div class=\"asl_option_label\">\n\t\t\t\tSearch in title\t\t\t<\/div>\n\t\t<\/div>\n\t\t<div class=\"asl_option\" tabindex=\"0\">\n\t\t\t<div class=\"asl_option_inner\">\n\t\t\t\t<input type=\"checkbox\" value=\"content\"\n\t\t\t\t\t\taria-label=\"Search in content\"\n\t\t\t\t\t\tname=\"asl_gen[]\" \/>\n\t\t\t\t<div class=\"asl_option_checkbox\"><\/div>\n\t\t\t<\/div>\n\t\t\t<div class=\"asl_option_label\">\n\t\t\t\tSearch in content\t\t\t<\/div>\n\t\t<\/div>\n\t\t<div class=\"asl_option_inner hiddend\">\n\t\t\t<input type=\"checkbox\" value=\"excerpt\"\n\t\t\t\t\taria-label=\"Search in excerpt\"\n\t\t\t\t\tname=\"asl_gen[]\" \/>\n\t\t\t<div class=\"asl_option_checkbox\"><\/div>\n\t\t<\/div>\n\t<\/fieldset>\n\t<fieldset class=\"asl_sett_scroll\">\n\t\t<legend style=\"display: none;\">Post Type Selectors<\/legend>\n\t\t\t\t\t<div class=\"asl_option_inner hiddend\">\n\t\t\t\t<input type=\"checkbox\" value=\"post\"\n\t\t\t\t\t\taria-label=\"Hidden option, ignore please\"\n\t\t\t\t\t\tname=\"customset[]\" checked=\"checked\"\/>\n\t\t\t<\/div>\n\t\t\t\t\t\t<div class=\"asl_option_inner hiddend\">\n\t\t\t\t<input type=\"checkbox\" value=\"page\"\n\t\t\t\t\t\taria-label=\"Hidden option, ignore please\"\n\t\t\t\t\t\tname=\"customset[]\" checked=\"checked\"\/>\n\t\t\t<\/div>\n\t\t\t\t<\/fieldset>\n\t<input type=\"hidden\" name=\"trp-form-language\" value=\"en\"\/><\/form>\n\t<\/div>\n<\/div>\n<\/div><\/div><\/div><\/div><\/div><\/div><div id=\"pg-4182-2\"  class=\"panel-grid panel-has-style\" ><div class=\"siteorigin-panels-stretch panel-row-style panel-row-style-for-4182-2\" data-stretch-type=\"full\" ><div id=\"pgc-4182-2-0\"  class=\"panel-grid-cell\" ><div id=\"panel-4182-2-0-0\" class=\"so-panel widget widget_sow-editor panel-first-child panel-last-child\" data-index=\"3\" ><div class=\"thin blog-nutry panel-widget-style panel-widget-style-for-4182-2-0-0\" ><div\n\t\t\t\n\t\t\tclass=\"so-widget-sow-editor so-widget-sow-editor-base\"\n\t\t\t\n\t\t>\n<div class=\"siteorigin-widget-tinymce textwidget\">\n\t<div class=\"pt-cv-wrapper\">\n<div class=\"pt-cv-view pt-cv-grid pt-cv-colsys pt-cv-pgregular pt-cv-sharp-buttons\" id=\"pt-cv-view-59758ee51w\">\n<div data-id=\"pt-cv-page-1\" class=\"pt-cv-page\" data-cvc=\"3\">\n<div class=\"col-md-4 col-sm-6 col-xs-12 pt-cv-content-item pt-cv-1-col\"  data-pid=\"42511\">\n<div class='pt-cv-ifield'><a href=\"https:\/\/nutrimental.com.br\/en\/nutrimental-premia-startups\/\" class=\"_self pt-cv-href-thumbnail pt-cv-thumb-default cvplbd cvp-responsive-image img-none\" target=\"_self\" data-iw=\"436\" data-ih=\"272\"><img loading=\"lazy\" decoding=\"async\" width=\"436\" height=\"272\" src=\"https:\/\/i0.wp.com\/nutrimental.com.br\/wp-content\/uploads\/2022\/07\/Captura-de-Tela-2022-07-01-a%CC%80s-17.36.42-1.png?resize=436%2C272&amp;ssl=1\" class=\"pt-cv-thumbnail img-none\" alt=\"Nutrimental conclui ciclo de acelera\u00e7\u00e3o de startups de alimenta\u00e7\u00e3o saud\u00e1vel e premia tr\u00eas empresas\" \/><\/a><\/p>\n<h3 class=\"pt-cv-title\"><a href=\"https:\/\/nutrimental.com.br\/en\/nutrimental-premia-startups\/\" class=\"_self cvplbd\" target=\"_self\" data-iw=\"436\" data-ih=\"272\">Nutrimental conclui ciclo de acelera\u00e7\u00e3o de startups de alimenta\u00e7\u00e3o saud\u00e1vel e premia tr\u00eas empresas<\/a><\/h3>\n<div class=\"pt-cv-content\"><em>Programa Nutrinnovation, coordenado pela aceleradora AmazonasCap, incentivou desenvolvimento de alimentos e bebidas nas foodtechs, e reconheceu diferenciais das marcas QPod, Ana Vegana e Liomeal<br \/><\/em> <strong>Curitiba (PR) e S\u00e3o Paulo (SP) \u2013 <\/strong>As marcas QPod, Ana Vegana e Liomeal foram vencedoras do programa Nutrinovation 2021-2022. A iniciativa, promovida pela fabricante brasileira ...<\/p>\n<div class=\"pt-cv-rmwrap\"><a href=\"https:\/\/nutrimental.com.br\/en\/nutrimental-premia-startups\/\" class=\"_self pt-cv-readmore btn btn-success cvplbd\" target=\"_self\" data-iw=\"436\" data-ih=\"272\">Leia Mais \u00bb<\/a><\/div>\n<\/div>\n<\/div>\n<\/div>\n<div class=\"col-md-4 col-sm-6 col-xs-12 pt-cv-content-item pt-cv-1-col\"  data-pid=\"41274\">\n<div class='pt-cv-ifield'><a href=\"https:\/\/nutrimental.com.br\/en\/novas-barras-nutry-apas\/\" class=\"_self pt-cv-href-thumbnail pt-cv-thumb-default cvplbd cvp-responsive-image img-none\" target=\"_self\" data-iw=\"436\" data-ih=\"272\"><img loading=\"lazy\" decoding=\"async\" width=\"436\" height=\"272\" src=\"https:\/\/i0.wp.com\/nutrimental.com.br\/wp-content\/uploads\/2022\/05\/banner_lancamentos_.png?resize=436%2C272&amp;ssl=1\" class=\"pt-cv-thumbnail img-none\" alt=\"Nutrimental lan\u00e7a novas barras de prote\u00ednas na APAS SHOW 2022\" srcset=\"https:\/\/i0.wp.com\/nutrimental.com.br\/wp-content\/uploads\/2022\/05\/banner_lancamentos_.png?resize=436%2C272&amp;ssl=1 436w, https:\/\/i0.wp.com\/nutrimental.com.br\/wp-content\/uploads\/2022\/05\/banner_lancamentos_.png?zoom=2&amp;resize=436%2C272&amp;ssl=1 872w, https:\/\/i0.wp.com\/nutrimental.com.br\/wp-content\/uploads\/2022\/05\/banner_lancamentos_.png?zoom=3&amp;resize=436%2C272&amp;ssl=1 1308w\" sizes=\"(max-width: 436px) 100vw, 436px\" \/><\/a><\/p>\n<h3 class=\"pt-cv-title\"><a href=\"https:\/\/nutrimental.com.br\/en\/novas-barras-nutry-apas\/\" class=\"_self cvplbd\" target=\"_self\" data-iw=\"436\" data-ih=\"272\">Nutrimental lan\u00e7a novas barras de prote\u00ednas na APAS SHOW 2022<\/a><\/h3>\n<div class=\"pt-cv-content\"><em>Entre os 12 novos SKUs da marca Nutry, ser\u00e3o apresentados dois diferentes tipos de barra de prote\u00edna em seis incr\u00edveis sabores, sempre seguindo as tend\u00eancias e prefer\u00eancia dos consumidores<br \/> <\/em><br \/> A Nutrimental, com suas famosas barras de cereais Nutry, refer\u00eancia na categoria e l\u00edder em market share desde sua cria\u00e7\u00e3o ...<\/p>\n<div class=\"pt-cv-rmwrap\"><a href=\"https:\/\/nutrimental.com.br\/en\/novas-barras-nutry-apas\/\" class=\"_self pt-cv-readmore btn btn-success cvplbd\" target=\"_self\" data-iw=\"436\" data-ih=\"272\">Leia Mais \u00bb<\/a><\/div>\n<\/div>\n<\/div>\n<\/div>\n<div class=\"col-md-4 col-sm-6 col-xs-12 pt-cv-content-item pt-cv-1-col\"  data-pid=\"24262\">\n<div class='pt-cv-ifield'><a href=\"https:\/\/nutrimental.com.br\/en\/nutrimental-amplia-portfolio-de-mingaus-pre-cozidos\/\" class=\"_self pt-cv-href-thumbnail pt-cv-thumb-default cvplbd cvp-responsive-image img-none\" target=\"_self\" data-iw=\"436\" data-ih=\"272\"><img loading=\"lazy\" decoding=\"async\" width=\"436\" height=\"272\" src=\"https:\/\/i0.wp.com\/nutrimental.com.br\/wp-content\/uploads\/2020\/08\/BANNER-LAN%C3%87AMENTOS-1.png?resize=436%2C272&amp;ssl=1\" class=\"pt-cv-thumbnail img-none\" alt=\"Nutrimental amplia portf\u00f3lio de mingaus pr\u00e9-cozidos\" \/><\/a><\/p>\n<h3 class=\"pt-cv-title\"><a href=\"https:\/\/nutrimental.com.br\/en\/nutrimental-amplia-portfolio-de-mingaus-pre-cozidos\/\" class=\"_self cvplbd\" target=\"_self\" data-iw=\"436\" data-ih=\"272\">Nutrimental amplia portf\u00f3lio de mingaus pr\u00e9-cozidos<\/a><\/h3>\n<div class=\"pt-cv-content\">A Nutrimental seguindo seu compromisso com a\u00a0<strong>nutri\u00e7\u00e3o,<\/strong> continua a investir em\u00a0<strong>pesquisa\u00a0e\u00a0desenvolvimento\u00a0de\u00a0tecnologia alimenta<\/strong>r, para ofertar ao mercado produtos\u00a0<strong>healthy and practical<\/strong>products that meet the highest national and international quality standards\u00a0<strong>qualidade.<\/strong> No m\u00eas de agosto, os portf\u00f3lios das marcas de mingaus <strong>Nutribom e Nutrilon<\/strong> recebem refor\u00e7o com a vers\u00e3o de<strong> 600g<\/strong> de ...<\/p>\n<div class=\"pt-cv-rmwrap\"><a href=\"https:\/\/nutrimental.com.br\/en\/nutrimental-amplia-portfolio-de-mingaus-pre-cozidos\/\" class=\"_self pt-cv-readmore btn btn-success cvplbd\" target=\"_self\" data-iw=\"436\" data-ih=\"272\">Leia Mais \u00bb<\/a><\/div>\n<\/div>\n<\/div>\n<\/div>\n<\/div>\n<\/div>\n<div class=\"text-left pt-cv-pagination-wrapper\">\n<ul class=\"pt-cv-pagination pt-cv-ajax pagination\" data-totalpages=\"16\" data-currentpage=\"1\" data-sid=\"59758ee51w\" data-unid=\"\" data-isblock=\"\" data-postid=\"\">\n<li class=\"active\"><a href=\"#\">1<\/a><\/li>\n<li ><a class=\"\" href=\"https:\/\/nutrimental.com.br\/en\/wp-json\/wp\/v2\/pages\/4182\/?_page=2\">2<\/a><\/li>\n<li ><a class=\"\" href=\"https:\/\/nutrimental.com.br\/en\/wp-json\/wp\/v2\/pages\/4182\/?_page=3\">3<\/a><\/li>\n<li ><a href=\"#\">&hellip;<\/a><\/li>\n<li ><a class=\"\" href=\"https:\/\/nutrimental.com.br\/en\/wp-json\/wp\/v2\/pages\/4182\/?_page=16\">16<\/a><\/li>\n<li ><a class=\"\" href=\"https:\/\/nutrimental.com.br\/en\/wp-json\/wp\/v2\/pages\/4182\/?_page=2\">&rsaquo;<\/a><\/li>\n<\/ul>\n<p><img loading=\"lazy\" decoding=\"async\" width=\"15\" height=\"15\" class=\"pt-cv-spinner\" alt=\"Loading...\" src=\"data:image\/gif;base64,R0lGODlhDwAPALMPAMrKygwMDJOTkz09PZWVla+vr3p6euTk5M7OzuXl5TMzMwAAAJmZmWZmZszMzP\/\/\/yH\/C05FVFNDQVBFMi4wAwEAAAAh+QQFCgAPACwAAAAADwAPAAAEQvDJaZaZOIcV8iQK8VRX4iTYoAwZ4iCYoAjZ4RxejhVNoT+mRGP4cyF4Pp0N98sBGIBMEMOotl6YZ3S61Bmbkm4mAgAh+QQFCgAPACwAAAAADQANAAAENPDJSRSZeA418itN8QiK8BiLITVsFiyBBIoYqnoewAD4xPw9iY4XLGYSjkQR4UAUD45DLwIAIfkEBQoADwAsAAAAAA8ACQAABC\/wyVlamTi3nSdgwFNdhEJgTJoNyoB9ISYoQmdjiZPcj7EYCAeCF1gEDo4Dz2eIAAAh+QQFCgAPACwCAAAADQANAAAEM\/DJBxiYeLKdX3IJZT1FU0iIg2RNKx3OkZVnZ98ToRD4MyiDnkAh6BkNC0MvsAj0kMpHBAAh+QQFCgAPACwGAAAACQAPAAAEMDC59KpFDll73HkAA2wVY5KgiK5b0RRoI6MuzG6EQqCDMlSGheEhUAgqgUUAFRySIgAh+QQFCgAPACwCAAIADQANAAAEM\/DJKZNLND\/kkKaHc3xk+QAMYDKsiaqmZCxGVjSFFCxB1vwy2oOgIDxuucxAMTAJFAJNBAAh+QQFCgAPACwAAAYADwAJAAAEMNAs86q1yaWwwv2Ig0jUZx3OYa4XoRAfwADXoAwfo1+CIjyFRuEho60aSNYlOPxEAAAh+QQFCgAPACwAAAIADQANAAAENPA9s4y8+IUVcqaWJ4qEQozSoAzoIyhCK2NFU2SJk0hNnyEOhKR2AzAAj4Pj4GE4W0bkJQIAOw==\" \/><\/p>\n<div class=\"clear pt-cv-clear-pagination\"><\/div>\n<\/div>\n<\/div>\n<style type=\"text\/css\" id=\"pt-cv-inline-style-f3ec59a0z3\">#pt-cv-view-59758ee51w.pt-cv-post-border .pt-cv-content-item   { border-top-style: solid; border-left-style: solid; }\n#pt-cv-view-59758ee51w .pt-cv-title a, #pt-cv-view-59758ee51w  .panel-title { font-weight: 600 !important; }\n#pt-cv-view-59758ee51w .pt-cv-readmore  { color: #ffffff !important; background-color: #00aeef !important; }\n#pt-cv-view-59758ee51w .pt-cv-readmore:hover  { color: #ffffff !important; background-color: #00aeef !important; }\n#pt-cv-view-59758ee51w  + .pt-cv-pagination-wrapper .pt-cv-more-inactive , #pt-cv-view-59758ee51w  + .pt-cv-pagination-wrapper .pagination a { color: #00aeef !important; background-color: #ffffff !important; }\n#pt-cv-view-59758ee51w  + .pt-cv-pagination-wrapper .pt-cv-more , #pt-cv-view-59758ee51w  + .pt-cv-pagination-wrapper .pagination .active a { color: #ffffff !important; background-color: #00aeef !important; }\n#pt-cv-view-59758ee51w .cvp-responsive-image { width: 436px; height: 272px; }\n#pt-cv-view-59758ee51w .pt-cv-hover-wrapper { height: 272px; }<\/style><\/p>\n<\/div>\n<\/div><\/div><\/div><\/div><\/div><\/div><div id=\"pg-4182-3\"  class=\"panel-grid panel-has-style\" ><div class=\"siteorigin-panels-stretch panel-row-style panel-row-style-for-4182-3\" data-stretch-type=\"full\" ><div id=\"pgc-4182-3-0\"  class=\"panel-grid-cell\" ><div id=\"panel-4182-3-0-0\" class=\"so-panel widget widget_sow-editor panel-first-child\" data-index=\"4\" ><div\n\t\t\t\n\t\t\tclass=\"so-widget-sow-editor so-widget-sow-editor-base\"\n\t\t\t\n\t\t>\n<div class=\"siteorigin-widget-tinymce textwidget\">\n\t<h1 style=\"text-align: center;\"><span style=\"color: #ffffff;\"><strong>Contact Us<\/strong><\/span><\/h1>\n<\/div>\n<\/div><\/div><div id=\"panel-4182-3-0-1\" class=\"so-panel widget panel-last-child\" data-index=\"5\" ><\/div><\/div><\/div><\/div><\/div>","protected":false},"excerpt":{"rendered":"<p>Not\u00edcias Confira as \u00faltimas novidades, not\u00edcias e conte\u00fados da Nutrimental.<\/p>","protected":false},"author":1,"featured_media":0,"parent":0,"menu_order":0,"comment_status":"closed","ping_status":"closed","template":"templates\/template-full-notitle.php","meta":{"footnotes":""},"class_list":["post-4182","page","type-page","status-publish","hentry","post"],"aioseo_notices":[],"_links":{"self":[{"href":"https:\/\/nutrimental.com.br\/en\/wp-json\/wp\/v2\/pages\/4182","targetHints":{"allow":["GET"]}}],"collection":[{"href":"https:\/\/nutrimental.com.br\/en\/wp-json\/wp\/v2\/pages"}],"about":[{"href":"https:\/\/nutrimental.com.br\/en\/wp-json\/wp\/v2\/types\/page"}],"author":[{"embeddable":true,"href":"https:\/\/nutrimental.com.br\/en\/wp-json\/wp\/v2\/users\/1"}],"replies":[{"embeddable":true,"href":"https:\/\/nutrimental.com.br\/en\/wp-json\/wp\/v2\/comments?post=4182"}],"version-history":[{"count":22,"href":"https:\/\/nutrimental.com.br\/en\/wp-json\/wp\/v2\/pages\/4182\/revisions"}],"predecessor-version":[{"id":16807,"href":"https:\/\/nutrimental.com.br\/en\/wp-json\/wp\/v2\/pages\/4182\/revisions\/16807"}],"wp:attachment":[{"href":"https:\/\/nutrimental.com.br\/en\/wp-json\/wp\/v2\/media?parent=4182"}],"curies":[{"name":"wp","href":"https:\/\/api.w.org\/{rel}","templated":true}]}}