{"id":350,"date":"2018-01-19T13:56:51","date_gmt":"2018-01-19T15:56:51","guid":{"rendered":"http:\/\/sitenutrimental.com.br\/?page_id=350"},"modified":"2024-09-12T09:37:20","modified_gmt":"2024-09-12T12:37:20","slug":"nutrilon","status":"publish","type":"page","link":"https:\/\/nutrimental.com.br\/en\/nossas-marcas\/nutrilon\/","title":{"rendered":"Nutrilon"},"content":{"rendered":"<div id=\"pl-350\"  class=\"panel-layout\" ><div id=\"pg-350-0\"  class=\"panel-grid panel-has-style\" ><div class=\"submenu-mobile siteorigin-panels-stretch panel-row-style panel-row-style-for-350-0\" data-stretch-type=\"full\" ><div id=\"pgc-350-0-0\"  class=\"panel-grid-cell\" ><div class=\"submenu-logo-mobile panel-cell-style panel-cell-style-for-350-0-0\" ><div id=\"panel-350-0-0-0\" class=\"so-panel widget widget_sow-image panel-first-child panel-last-child\" data-index=\"0\" ><div\n\t\t\t\n\t\t\tclass=\"so-widget-sow-image so-widget-sow-image-default-8b5b6f678277-350\"\n\t\t\t\n\t\t>\n<div class=\"sow-image-container\">\n\t\t<img \n\tsrc=\"https:\/\/i0.wp.com\/nutrimental.com.br\/wp-content\/uploads\/2019\/05\/nutrilon.png?fit=245%2C114&amp;ssl=1\" width=\"245\" height=\"114\" alt=\"Nutrilon\" \t\tclass=\"so-widget-image\"\/>\n\t<\/div>\n\n<\/div><\/div><\/div><\/div><div id=\"pgc-350-0-1\"  class=\"panel-grid-cell\" ><\/div><\/div><\/div><div id=\"pg-350-1\"  class=\"panel-grid panel-has-style\" ><div class=\"siteorigin-panels-stretch panel-row-style panel-row-style-for-350-1\" data-stretch-type=\"full\" ><div id=\"pgc-350-1-0\"  class=\"panel-grid-cell\" ><\/div><\/div><\/div><div id=\"pg-350-2\"  class=\"panel-grid panel-has-style\" ><div class=\"siteorigin-panels-stretch panel-row-style panel-row-style-for-350-2\" data-stretch-type=\"full\" ><div id=\"pgc-350-2-0\"  class=\"panel-grid-cell\" ><div id=\"panel-350-2-0-0\" class=\"so-panel widget widget_sow-editor panel-first-child panel-last-child\" data-index=\"3\" ><div class=\"thin panel-widget-style panel-widget-style-for-350-2-0-0\" ><div\n\t\t\t\n\t\t\tclass=\"so-widget-sow-editor so-widget-sow-editor-base\"\n\t\t\t\n\t\t>\n<div class=\"siteorigin-widget-tinymce textwidget\">\n\t<h5>Nutrilon is a line of baby food, aimed at infant feeding, made for those who need the practicality, but also do not neglect the nutrition of their little ones. Nutrilon baby food is nutritious and healthy, as well as practical and tasty, and is available in 6 delicious flavors, being a source of vitamins and minerals.<\/h5>\n<p><img data-recalc-dims=\"1\" decoding=\"async\" class=\"aligncenter wp-image-260 size-medium\" style=\"margin: 25px auto 0;\" src=\"https:\/\/i0.wp.com\/nutrimental.com.br\/wp-content\/uploads\/2018\/01\/padrao-separador-titulo-300x3.png?resize=300%2C3&#038;ssl=1\" alt=\"Separador\" width=\"300\" height=\"3\" srcset=\"https:\/\/i0.wp.com\/nutrimental.com.br\/wp-content\/uploads\/2018\/01\/padrao-separador-titulo.png?resize=300%2C3&amp;ssl=1 300w, https:\/\/i0.wp.com\/nutrimental.com.br\/wp-content\/uploads\/2018\/01\/padrao-separador-titulo.png?resize=436%2C5&amp;ssl=1 436w, https:\/\/i0.wp.com\/nutrimental.com.br\/wp-content\/uploads\/2018\/01\/padrao-separador-titulo.png?w=483&amp;ssl=1 483w\" sizes=\"(max-width: 300px) 100vw, 300px\" \/><\/p>\n<\/div>\n<\/div><\/div><\/div><\/div><div id=\"pgc-350-2-1\"  class=\"panel-grid-cell\" ><div id=\"panel-350-2-1-0\" class=\"so-panel widget widget_sow-image panel-first-child panel-last-child\" data-index=\"4\" ><div class=\"mg-img-produto panel-widget-style panel-widget-style-for-350-2-1-0\" ><div\n\t\t\t\n\t\t\tclass=\"so-widget-sow-image so-widget-sow-image-default-3a2476c0e107-350\"\n\t\t\t\n\t\t>\n<div class=\"sow-image-container\">\n\t\t<img loading=\"lazy\" \n\tsrc=\"https:\/\/i0.wp.com\/nutrimental.com.br\/wp-content\/uploads\/2023\/06\/11_imagem_nutrilon_mascote_.png?fit=440%2C419&amp;ssl=1\" width=\"440\" height=\"419\" srcset=\"https:\/\/i0.wp.com\/nutrimental.com.br\/wp-content\/uploads\/2023\/06\/11_imagem_nutrilon_mascote_.png?w=440&amp;ssl=1 440w, https:\/\/i0.wp.com\/nutrimental.com.br\/wp-content\/uploads\/2023\/06\/11_imagem_nutrilon_mascote_.png?resize=300%2C286&amp;ssl=1 300w, https:\/\/i0.wp.com\/nutrimental.com.br\/wp-content\/uploads\/2023\/06\/11_imagem_nutrilon_mascote_.png?resize=13%2C12&amp;ssl=1 13w\" title=\"Nutrimental &#8211; NUTRILON\" alt=\"Nutrimental Nutrilon\" \t\tclass=\"so-widget-image\"\/>\n\t<\/div>\n\n<\/div><\/div><\/div><\/div><\/div><\/div><div id=\"pg-350-3\"  class=\"panel-grid panel-has-style\" ><div class=\"panel-row-style panel-row-style-for-350-3\" ><div id=\"pgc-350-3-0\"  class=\"panel-grid-cell\" ><div id=\"panel-350-3-0-0\" class=\"so-panel widget widget_siteorigin-panels-builder panel-first-child panel-last-child\" data-index=\"5\" ><div class=\"panel-widget-style panel-widget-style-for-350-3-0-0\" ><div id=\"pl-w66e2e0808cd88\"  class=\"panel-layout\" ><div id=\"pg-w66e2e0808cd88-0\"  class=\"panel-grid panel-no-style\" ><div id=\"pgc-w66e2e0808cd88-0-0\"  class=\"panel-grid-cell\" ><div class=\"mg-bottom-none panel-cell-style panel-cell-style-for-w66e2e0808cd88-0-0\" ><div id=\"panel-w66e2e0808cd88-0-0-0\" class=\"so-panel widget widget_sow-image panel-first-child\" data-index=\"0\" ><div class=\"mg-bottom-none panel-widget-style panel-widget-style-for-w66e2e0808cd88-0-0-0\" ><div\n\t\t\t\n\t\t\tclass=\"so-widget-sow-image so-widget-sow-image-default-c67d20f9f743\"\n\t\t\t\n\t\t>\n<div class=\"sow-image-container\">\n\t\t<img loading=\"lazy\" \n\tsrc=\"https:\/\/i0.wp.com\/nutrimental.com.br\/wp-content\/uploads\/2023\/06\/AF_MOCKUP_NUTRILON_AVEIA_ARROZ_COM_SOMBRA.png.png?fit=1350%2C1080&amp;ssl=1\" width=\"1350\" height=\"1080\" srcset=\"https:\/\/i0.wp.com\/nutrimental.com.br\/wp-content\/uploads\/2023\/06\/AF_MOCKUP_NUTRILON_AVEIA_ARROZ_COM_SOMBRA.png.png?w=1350&amp;ssl=1 1350w, https:\/\/i0.wp.com\/nutrimental.com.br\/wp-content\/uploads\/2023\/06\/AF_MOCKUP_NUTRILON_AVEIA_ARROZ_COM_SOMBRA.png.png?resize=300%2C240&amp;ssl=1 300w, https:\/\/i0.wp.com\/nutrimental.com.br\/wp-content\/uploads\/2023\/06\/AF_MOCKUP_NUTRILON_AVEIA_ARROZ_COM_SOMBRA.png.png?resize=1024%2C819&amp;ssl=1 1024w, https:\/\/i0.wp.com\/nutrimental.com.br\/wp-content\/uploads\/2023\/06\/AF_MOCKUP_NUTRILON_AVEIA_ARROZ_COM_SOMBRA.png.png?resize=768%2C614&amp;ssl=1 768w, https:\/\/i0.wp.com\/nutrimental.com.br\/wp-content\/uploads\/2023\/06\/AF_MOCKUP_NUTRILON_AVEIA_ARROZ_COM_SOMBRA.png.png?resize=15%2C12&amp;ssl=1 15w\" title=\"Nutrimental &#8211; NUTRILON &#8211; Aveia e arroz\" alt=\"Nutrilon - Aveia e Arroz\" \t\tclass=\"so-widget-image\"\/>\n\t<\/div>\n\n<\/div><\/div><\/div><div id=\"panel-w66e2e0808cd88-0-0-1\" class=\"so-panel widget widget_sow-editor\" data-index=\"1\" ><div class=\"font-lighter mg-bottom-none panel-widget-style panel-widget-style-for-w66e2e0808cd88-0-0-1\" ><div\n\t\t\t\n\t\t\tclass=\"so-widget-sow-editor so-widget-sow-editor-base\"\n\t\t\t\n\t\t>\n<div class=\"siteorigin-widget-tinymce textwidget\">\n\t<h3 style=\"text-align: center;\"><span style=\"color: #f39200;\"><strong>Oats and Rice<\/strong><\/span><\/h3>\n<p style=\"text-align: center;\"><span class=\"lighter\" style=\"color: #f39200;\">180 e 600g<\/span><\/p>\n<\/div>\n<\/div><\/div><\/div><div id=\"panel-w66e2e0808cd88-0-0-2\" class=\"so-panel widget widget_sow-button\" data-index=\"2\" ><div\n\t\t\t\n\t\t\tclass=\"so-widget-sow-button so-widget-sow-button-flat-144518768a7e\"\n\t\t\t\n\t\t><div class=\"ow-button-base ow-button-align-center\"\n>\n\t\t\t<a\n\t\t\t\tclass=\"popmake-nutrilon-fichas-mingau-de-aveia-e-arroz sowb-button ow-icon-placement-left ow-button-hover\" title=\"Find out more\" \t>\n\t\t<span>\n\t\t\t\n\t\t\tFind out more\t\t<\/span>\n\t\t\t<\/a>\n\t<\/div>\n<\/div><\/div><div id=\"panel-w66e2e0808cd88-0-0-3\" class=\"so-panel widget widget_sow-button panel-last-child\" data-index=\"3\" ><div\n\t\t\t\n\t\t\tclass=\"so-widget-sow-button so-widget-sow-button-flat-2830f51f0d4d\"\n\t\t\t\n\t\t><div class=\"ow-button-base ow-button-align-center\"\n>\n\t\t\t<a\n\t\t\t\t\thref=\"https:\/\/nutrimental.com.br\/en\/?page_id=26791\"\n\t\t\t\t\tclass=\"sowb-button ow-icon-placement-left ow-button-hover\" target=\"_blank\" rel=\"noopener noreferrer\" title=\"onde-encontrar\" \t>\n\t\t<span>\n\t\t\t\n\t\t\tWhere to find\t\t<\/span>\n\t\t\t<\/a>\n\t<\/div>\n<\/div><\/div><\/div><\/div><div id=\"pgc-w66e2e0808cd88-0-1\"  class=\"panel-grid-cell panel-grid-cell-mobile-last\" ><div class=\"mg-bottom-none panel-cell-style panel-cell-style-for-w66e2e0808cd88-0-1\" ><div id=\"panel-w66e2e0808cd88-0-1-0\" class=\"so-panel widget widget_sow-image panel-first-child\" data-index=\"4\" ><div class=\"mg-bottom-none panel-widget-style panel-widget-style-for-w66e2e0808cd88-0-1-0\" ><div\n\t\t\t\n\t\t\tclass=\"so-widget-sow-image so-widget-sow-image-default-c67d20f9f743\"\n\t\t\t\n\t\t>\n<div class=\"sow-image-container\">\n\t\t<img loading=\"lazy\" \n\tsrc=\"https:\/\/i0.wp.com\/nutrimental.com.br\/wp-content\/uploads\/2023\/06\/AF_MOCKUP_NUTRILON_MULTICEREAIS_COM_SOMBRA.png.png?fit=1350%2C1080&amp;ssl=1\" width=\"1350\" height=\"1080\" srcset=\"https:\/\/i0.wp.com\/nutrimental.com.br\/wp-content\/uploads\/2023\/06\/AF_MOCKUP_NUTRILON_MULTICEREAIS_COM_SOMBRA.png.png?w=1350&amp;ssl=1 1350w, https:\/\/i0.wp.com\/nutrimental.com.br\/wp-content\/uploads\/2023\/06\/AF_MOCKUP_NUTRILON_MULTICEREAIS_COM_SOMBRA.png.png?resize=300%2C240&amp;ssl=1 300w, https:\/\/i0.wp.com\/nutrimental.com.br\/wp-content\/uploads\/2023\/06\/AF_MOCKUP_NUTRILON_MULTICEREAIS_COM_SOMBRA.png.png?resize=1024%2C819&amp;ssl=1 1024w, https:\/\/i0.wp.com\/nutrimental.com.br\/wp-content\/uploads\/2023\/06\/AF_MOCKUP_NUTRILON_MULTICEREAIS_COM_SOMBRA.png.png?resize=768%2C614&amp;ssl=1 768w, https:\/\/i0.wp.com\/nutrimental.com.br\/wp-content\/uploads\/2023\/06\/AF_MOCKUP_NUTRILON_MULTICEREAIS_COM_SOMBRA.png.png?resize=15%2C12&amp;ssl=1 15w\" title=\"Nutrimental &#8211; NUTRILON &#8211; Multicereais\" alt=\"Nutrilon Multicereais\" \t\tclass=\"so-widget-image\"\/>\n\t<\/div>\n\n<\/div><\/div><\/div><div id=\"panel-w66e2e0808cd88-0-1-1\" class=\"so-panel widget widget_sow-editor\" data-index=\"5\" ><div class=\"font-lighter mg-bottom-none panel-widget-style panel-widget-style-for-w66e2e0808cd88-0-1-1\" ><div\n\t\t\t\n\t\t\tclass=\"so-widget-sow-editor so-widget-sow-editor-base\"\n\t\t\t\n\t\t>\n<div class=\"siteorigin-widget-tinymce textwidget\">\n\t<h3 style=\"text-align: center;\"><span style=\"color: #f39200;\"><strong>Multicereal<\/strong><\/span><\/h3>\n<p style=\"text-align: center;\"><span class=\"lighter\" style=\"color: #f39200;\">180 e 600g<\/span><\/p>\n<\/div>\n<\/div><\/div><\/div><div id=\"panel-w66e2e0808cd88-0-1-2\" class=\"so-panel widget widget_sow-button\" data-index=\"6\" ><div\n\t\t\t\n\t\t\tclass=\"so-widget-sow-button so-widget-sow-button-flat-144518768a7e\"\n\t\t\t\n\t\t><div class=\"ow-button-base ow-button-align-center\"\n>\n\t\t\t<a\n\t\t\t\tclass=\"popmake-nutrilon-fichas-mingau-de-multicereais sowb-button ow-icon-placement-left ow-button-hover\" title=\"Find out more\" \t>\n\t\t<span>\n\t\t\t\n\t\t\tFind out more\t\t<\/span>\n\t\t\t<\/a>\n\t<\/div>\n<\/div><\/div><div id=\"panel-w66e2e0808cd88-0-1-3\" class=\"so-panel widget widget_sow-button panel-last-child\" data-index=\"7\" ><div\n\t\t\t\n\t\t\tclass=\"so-widget-sow-button so-widget-sow-button-flat-2830f51f0d4d\"\n\t\t\t\n\t\t><div class=\"ow-button-base ow-button-align-center\"\n>\n\t\t\t<a\n\t\t\t\t\thref=\"https:\/\/www.amazon.com.br\/stores\/page\/264CFD29-55C2-4619-99C5-3F7CC1B88153?ingress=3%20(Onde%20Encontrar)\"\n\t\t\t\t\tclass=\"sowb-button ow-icon-placement-left ow-button-hover\" target=\"_blank\" rel=\"noopener noreferrer\" title=\"onde-encontrar\" \t>\n\t\t<span>\n\t\t\t\n\t\t\tWhere to find\t\t<\/span>\n\t\t\t<\/a>\n\t<\/div>\n<\/div><\/div><\/div><\/div><div id=\"pgc-w66e2e0808cd88-0-2\"  class=\"panel-grid-cell panel-grid-cell-empty\" ><div class=\"mg-bottom-none panel-cell-style panel-cell-style-for-w66e2e0808cd88-0-2\" ><\/div><\/div><\/div><div id=\"pg-w66e2e0808cd88-1\"  class=\"panel-grid panel-no-style\" ><div id=\"pgc-w66e2e0808cd88-1-0\"  class=\"panel-grid-cell\" ><div class=\"mg-bottom-none panel-cell-style panel-cell-style-for-w66e2e0808cd88-1-0\" ><div id=\"panel-w66e2e0808cd88-1-0-0\" class=\"so-panel widget widget_sow-image panel-first-child\" data-index=\"8\" ><div class=\"mg-bottom-none panel-widget-style panel-widget-style-for-w66e2e0808cd88-1-0-0\" ><div\n\t\t\t\n\t\t\tclass=\"so-widget-sow-image so-widget-sow-image-default-c67d20f9f743\"\n\t\t\t\n\t\t>\n<div class=\"sow-image-container\">\n\t\t<img loading=\"lazy\" \n\tsrc=\"https:\/\/i0.wp.com\/nutrimental.com.br\/wp-content\/uploads\/2023\/06\/AF_MOCKUP_NUTRILON_ARROZ_V2_COM_SOMBRA.png?fit=222%2C300&amp;ssl=1\" width=\"222\" height=\"300\" srcset=\"https:\/\/i0.wp.com\/nutrimental.com.br\/wp-content\/uploads\/2023\/06\/AF_MOCKUP_NUTRILON_ARROZ_V2_COM_SOMBRA.png?w=800&amp;ssl=1 800w, https:\/\/i0.wp.com\/nutrimental.com.br\/wp-content\/uploads\/2023\/06\/AF_MOCKUP_NUTRILON_ARROZ_V2_COM_SOMBRA.png?resize=222%2C300&amp;ssl=1 222w, https:\/\/i0.wp.com\/nutrimental.com.br\/wp-content\/uploads\/2023\/06\/AF_MOCKUP_NUTRILON_ARROZ_V2_COM_SOMBRA.png?resize=759%2C1024&amp;ssl=1 759w, https:\/\/i0.wp.com\/nutrimental.com.br\/wp-content\/uploads\/2023\/06\/AF_MOCKUP_NUTRILON_ARROZ_V2_COM_SOMBRA.png?resize=768%2C1037&amp;ssl=1 768w, https:\/\/i0.wp.com\/nutrimental.com.br\/wp-content\/uploads\/2023\/06\/AF_MOCKUP_NUTRILON_ARROZ_V2_COM_SOMBRA.png?resize=9%2C12&amp;ssl=1 9w\" title=\"Nutrimental &#8211; NUTRILON &#8211; Arroz\" alt=\"Nutrilon - Mingau Arroz\" \t\tclass=\"so-widget-image\"\/>\n\t<\/div>\n\n<\/div><\/div><\/div><div id=\"panel-w66e2e0808cd88-1-0-1\" class=\"so-panel widget widget_sow-editor\" data-index=\"9\" ><div class=\"font-lighter mg-bottom-none panel-widget-style panel-widget-style-for-w66e2e0808cd88-1-0-1\" ><div\n\t\t\t\n\t\t\tclass=\"so-widget-sow-editor so-widget-sow-editor-base\"\n\t\t\t\n\t\t>\n<div class=\"siteorigin-widget-tinymce textwidget\">\n\t<h3 style=\"text-align: center;\"><span style=\"color: #f39200;\"><strong>Rice<\/strong><\/span><\/h3>\n<p style=\"text-align: center;\"><span class=\"lighter\" style=\"color: #f39200;\">180g<\/span><\/p>\n<\/div>\n<\/div><\/div><\/div><div id=\"panel-w66e2e0808cd88-1-0-2\" class=\"so-panel widget widget_sow-button\" data-index=\"10\" ><div\n\t\t\t\n\t\t\tclass=\"so-widget-sow-button so-widget-sow-button-flat-144518768a7e\"\n\t\t\t\n\t\t><div class=\"ow-button-base ow-button-align-center\"\n>\n\t\t\t<a\n\t\t\t\tclass=\"popmake-nutrilon-fichas-mingau-de-arroz sowb-button ow-icon-placement-left ow-button-hover\" title=\"Find out more\" \t>\n\t\t<span>\n\t\t\t\n\t\t\tFind out more\t\t<\/span>\n\t\t\t<\/a>\n\t<\/div>\n<\/div><\/div><div id=\"panel-w66e2e0808cd88-1-0-3\" class=\"so-panel widget widget_sow-button panel-last-child\" data-index=\"11\" ><div\n\t\t\t\n\t\t\tclass=\"so-widget-sow-button so-widget-sow-button-flat-2830f51f0d4d\"\n\t\t\t\n\t\t><div class=\"ow-button-base ow-button-align-center\"\n>\n\t\t\t<a\n\t\t\t\t\thref=\"https:\/\/www.amazon.com.br\/stores\/page\/264CFD29-55C2-4619-99C5-3F7CC1B88153?ingress=3\"\n\t\t\t\t\tclass=\"sowb-button ow-icon-placement-left ow-button-hover\" target=\"_blank\" rel=\"noopener noreferrer\" title=\"onde-encontrar\" \t>\n\t\t<span>\n\t\t\t\n\t\t\tWhere to find\t\t<\/span>\n\t\t\t<\/a>\n\t<\/div>\n<\/div><\/div><\/div><\/div><div id=\"pgc-w66e2e0808cd88-1-1\"  class=\"panel-grid-cell\" ><div class=\"mg-bottom-none panel-cell-style panel-cell-style-for-w66e2e0808cd88-1-1\" ><div id=\"panel-w66e2e0808cd88-1-1-0\" class=\"so-panel widget widget_sow-image panel-first-child\" data-index=\"12\" ><div class=\"mg-bottom-none panel-widget-style panel-widget-style-for-w66e2e0808cd88-1-1-0\" ><div\n\t\t\t\n\t\t\tclass=\"so-widget-sow-image so-widget-sow-image-default-c67d20f9f743\"\n\t\t\t\n\t\t>\n<div class=\"sow-image-container\">\n\t\t<img loading=\"lazy\" \n\tsrc=\"https:\/\/i0.wp.com\/nutrimental.com.br\/wp-content\/uploads\/2023\/06\/AF_MOCKUP_NUTRILON_MILHO_V2-COM_SOMBRA.png?fit=222%2C300&amp;ssl=1\" width=\"222\" height=\"300\" srcset=\"https:\/\/i0.wp.com\/nutrimental.com.br\/wp-content\/uploads\/2023\/06\/AF_MOCKUP_NUTRILON_MILHO_V2-COM_SOMBRA.png?w=800&amp;ssl=1 800w, https:\/\/i0.wp.com\/nutrimental.com.br\/wp-content\/uploads\/2023\/06\/AF_MOCKUP_NUTRILON_MILHO_V2-COM_SOMBRA.png?resize=222%2C300&amp;ssl=1 222w, https:\/\/i0.wp.com\/nutrimental.com.br\/wp-content\/uploads\/2023\/06\/AF_MOCKUP_NUTRILON_MILHO_V2-COM_SOMBRA.png?resize=759%2C1024&amp;ssl=1 759w, https:\/\/i0.wp.com\/nutrimental.com.br\/wp-content\/uploads\/2023\/06\/AF_MOCKUP_NUTRILON_MILHO_V2-COM_SOMBRA.png?resize=768%2C1037&amp;ssl=1 768w, https:\/\/i0.wp.com\/nutrimental.com.br\/wp-content\/uploads\/2023\/06\/AF_MOCKUP_NUTRILON_MILHO_V2-COM_SOMBRA.png?resize=9%2C12&amp;ssl=1 9w\" title=\"Nutrimental &#8211; NUTRILON &#8211; milho\" alt=\"Nutrilon - Mingau Milho\" \t\tclass=\"so-widget-image\"\/>\n\t<\/div>\n\n<\/div><\/div><\/div><div id=\"panel-w66e2e0808cd88-1-1-1\" class=\"so-panel widget widget_sow-editor\" data-index=\"13\" ><div class=\"font-lighter mg-bottom-none panel-widget-style panel-widget-style-for-w66e2e0808cd88-1-1-1\" ><div\n\t\t\t\n\t\t\tclass=\"so-widget-sow-editor so-widget-sow-editor-base\"\n\t\t\t\n\t\t>\n<div class=\"siteorigin-widget-tinymce textwidget\">\n\t<h3 style=\"text-align: center;\"><span style=\"color: #f39200;\"><strong>Corn <\/strong><\/span><\/h3>\n<p style=\"text-align: center;\"><span class=\"lighter\" style=\"color: #f39200;\">180g<\/span><\/p>\n<\/div>\n<\/div><\/div><\/div><div id=\"panel-w66e2e0808cd88-1-1-2\" class=\"so-panel widget widget_sow-button\" data-index=\"14\" ><div\n\t\t\t\n\t\t\tclass=\"so-widget-sow-button so-widget-sow-button-flat-144518768a7e\"\n\t\t\t\n\t\t><div class=\"ow-button-base ow-button-align-center\"\n>\n\t\t\t<a\n\t\t\t\tclass=\"popmake-nutrilon-fichas-mingau-de-milho sowb-button ow-icon-placement-left ow-button-hover\" title=\"Find out more\" \t>\n\t\t<span>\n\t\t\t\n\t\t\tFind out more\t\t<\/span>\n\t\t\t<\/a>\n\t<\/div>\n<\/div><\/div><div id=\"panel-w66e2e0808cd88-1-1-3\" class=\"so-panel widget widget_sow-button panel-last-child\" data-index=\"15\" ><div\n\t\t\t\n\t\t\tclass=\"so-widget-sow-button so-widget-sow-button-flat-2830f51f0d4d\"\n\t\t\t\n\t\t><div class=\"ow-button-base ow-button-align-center\"\n>\n\t\t\t<a\n\t\t\t\t\thref=\"https:\/\/www.amazon.com.br\/stores\/page\/264CFD29-55C2-4619-99C5-3F7CC1B88153?ingress=3\"\n\t\t\t\t\tclass=\"sowb-button ow-icon-placement-left ow-button-hover\" target=\"_blank\" rel=\"noopener noreferrer\" title=\"onde-encontrar\" \t>\n\t\t<span>\n\t\t\t\n\t\t\tWhere to find\t\t<\/span>\n\t\t\t<\/a>\n\t<\/div>\n<\/div><\/div><\/div><\/div><div id=\"pgc-w66e2e0808cd88-1-2\"  class=\"panel-grid-cell\" ><div class=\"mg-bottom-none panel-cell-style panel-cell-style-for-w66e2e0808cd88-1-2\" ><div id=\"panel-w66e2e0808cd88-1-2-0\" class=\"so-panel widget widget_sow-image panel-first-child\" data-index=\"16\" ><div class=\"mg-bottom-none panel-widget-style panel-widget-style-for-w66e2e0808cd88-1-2-0\" ><div\n\t\t\t\n\t\t\tclass=\"so-widget-sow-image so-widget-sow-image-default-c67d20f9f743\"\n\t\t\t\n\t\t>\n<div class=\"sow-image-container\">\n\t\t<img loading=\"lazy\" \n\tsrc=\"https:\/\/i0.wp.com\/nutrimental.com.br\/wp-content\/uploads\/2023\/06\/AF_MOCKUP_NUTRIBOM_BANANA_E_MACA_V2_COM_SOMBRA.png?fit=222%2C300&amp;ssl=1\" width=\"222\" height=\"300\" srcset=\"https:\/\/i0.wp.com\/nutrimental.com.br\/wp-content\/uploads\/2023\/06\/AF_MOCKUP_NUTRIBOM_BANANA_E_MACA_V2_COM_SOMBRA.png?w=800&amp;ssl=1 800w, https:\/\/i0.wp.com\/nutrimental.com.br\/wp-content\/uploads\/2023\/06\/AF_MOCKUP_NUTRIBOM_BANANA_E_MACA_V2_COM_SOMBRA.png?resize=222%2C300&amp;ssl=1 222w, https:\/\/i0.wp.com\/nutrimental.com.br\/wp-content\/uploads\/2023\/06\/AF_MOCKUP_NUTRIBOM_BANANA_E_MACA_V2_COM_SOMBRA.png?resize=759%2C1024&amp;ssl=1 759w, https:\/\/i0.wp.com\/nutrimental.com.br\/wp-content\/uploads\/2023\/06\/AF_MOCKUP_NUTRIBOM_BANANA_E_MACA_V2_COM_SOMBRA.png?resize=768%2C1037&amp;ssl=1 768w, https:\/\/i0.wp.com\/nutrimental.com.br\/wp-content\/uploads\/2023\/06\/AF_MOCKUP_NUTRIBOM_BANANA_E_MACA_V2_COM_SOMBRA.png?resize=9%2C12&amp;ssl=1 9w\" title=\"Nutrimental &#8211; NUTRIBOM &#8211; Banana e Ma\u00e7\u00e3\" alt=\"Nutrilon - Mingau Banana e Ma\u00e7\u00e3\" \t\tclass=\"so-widget-image\"\/>\n\t<\/div>\n\n<\/div><\/div><\/div><div id=\"panel-w66e2e0808cd88-1-2-1\" class=\"so-panel widget widget_sow-editor\" data-index=\"17\" ><div class=\"font-lighter mg-bottom-none panel-widget-style panel-widget-style-for-w66e2e0808cd88-1-2-1\" ><div\n\t\t\t\n\t\t\tclass=\"so-widget-sow-editor so-widget-sow-editor-base\"\n\t\t\t\n\t\t>\n<div class=\"siteorigin-widget-tinymce textwidget\">\n\t<h3 style=\"text-align: center;\"><span style=\"color: #f39200;\"><strong>Banana and Apple<\/strong><\/span><\/h3>\n<p style=\"text-align: center;\"><span class=\"lighter\" style=\"color: #f39200;\">180g<\/span><\/p>\n<\/div>\n<\/div><\/div><\/div><div id=\"panel-w66e2e0808cd88-1-2-2\" class=\"so-panel widget widget_sow-button\" data-index=\"18\" ><div\n\t\t\t\n\t\t\tclass=\"so-widget-sow-button so-widget-sow-button-flat-144518768a7e\"\n\t\t\t\n\t\t><div class=\"ow-button-base ow-button-align-center\"\n>\n\t\t\t<a\n\t\t\t\tclass=\"popmake-nutrilon-fichas-mingau-de-banana-e-maca sowb-button ow-icon-placement-left ow-button-hover\" title=\"Find out more\" \t>\n\t\t<span>\n\t\t\t\n\t\t\tFind out more\t\t<\/span>\n\t\t\t<\/a>\n\t<\/div>\n<\/div><\/div><div id=\"panel-w66e2e0808cd88-1-2-3\" class=\"so-panel widget widget_sow-button panel-last-child\" data-index=\"19\" ><div\n\t\t\t\n\t\t\tclass=\"so-widget-sow-button so-widget-sow-button-flat-2830f51f0d4d\"\n\t\t\t\n\t\t><div class=\"ow-button-base ow-button-align-center\"\n>\n\t\t\t<a\n\t\t\t\t\thref=\"https:\/\/www.amazon.com.br\/stores\/page\/264CFD29-55C2-4619-99C5-3F7CC1B88153?ingress=3%20(Onde%20Encontrar)\"\n\t\t\t\t\tclass=\"sowb-button ow-icon-placement-left ow-button-hover\" target=\"_blank\" rel=\"noopener noreferrer\" title=\"onde-encontrar\" \t>\n\t\t<span>\n\t\t\t\n\t\t\tWhere to find\t\t<\/span>\n\t\t\t<\/a>\n\t<\/div>\n<\/div><\/div><\/div><\/div><\/div><\/div><\/div><\/div><\/div><\/div><\/div><div id=\"pg-350-4\"  class=\"panel-grid panel-has-style\" ><div class=\"siteorigin-panels-stretch panel-row-style panel-row-style-for-350-4\" data-stretch-type=\"full\" ><div id=\"pgc-350-4-0\"  class=\"panel-grid-cell\" ><div id=\"panel-350-4-0-0\" class=\"so-panel widget widget_sow-editor panel-first-child\" data-index=\"6\" ><div\n\t\t\t\n\t\t\tclass=\"so-widget-sow-editor so-widget-sow-editor-base\"\n\t\t\t\n\t\t>\n<div class=\"siteorigin-widget-tinymce textwidget\">\n\t<h1 style=\"text-align: center;\"><span style=\"color: #ffffff;\"><strong>Contact Us<\/strong><\/span><\/h1>\n<\/div>\n<\/div><\/div><div id=\"panel-350-4-0-1\" class=\"so-panel widget panel-last-child\" data-index=\"7\" ><\/div><\/div><\/div><\/div><\/div>","protected":false},"excerpt":{"rendered":"<p>Nutrilon \u00e9 uma linha de mingaus, voltada \u00e0 alimenta\u00e7\u00e3o infantil, feita para quem n\u00e3o abre m\u00e3o da praticidade, mas tamb\u00e9m n\u00e3o descuida da nutri\u00e7\u00e3o de seus pequenos. Os mingaus Nutrilon s\u00e3o nutritivos e saud\u00e1veis, al\u00e9m de pr\u00e1ticos e saborosos e est\u00e3o dispon\u00edveis em 6 deliciosos sabores, sendo fonte de vitaminas e minerais. Mingau de Aveia [&hellip;]<\/p>","protected":false},"author":1,"featured_media":0,"parent":39,"menu_order":0,"comment_status":"closed","ping_status":"closed","template":"templates\/template-full.php","meta":{"footnotes":""},"class_list":["post-350","page","type-page","status-publish","hentry","post"],"aioseo_notices":[],"_links":{"self":[{"href":"https:\/\/nutrimental.com.br\/en\/wp-json\/wp\/v2\/pages\/350","targetHints":{"allow":["GET"]}}],"collection":[{"href":"https:\/\/nutrimental.com.br\/en\/wp-json\/wp\/v2\/pages"}],"about":[{"href":"https:\/\/nutrimental.com.br\/en\/wp-json\/wp\/v2\/types\/page"}],"author":[{"embeddable":true,"href":"https:\/\/nutrimental.com.br\/en\/wp-json\/wp\/v2\/users\/1"}],"replies":[{"embeddable":true,"href":"https:\/\/nutrimental.com.br\/en\/wp-json\/wp\/v2\/comments?post=350"}],"version-history":[{"count":264,"href":"https:\/\/nutrimental.com.br\/en\/wp-json\/wp\/v2\/pages\/350\/revisions"}],"predecessor-version":[{"id":70675,"href":"https:\/\/nutrimental.com.br\/en\/wp-json\/wp\/v2\/pages\/350\/revisions\/70675"}],"up":[{"embeddable":true,"href":"https:\/\/nutrimental.com.br\/en\/wp-json\/wp\/v2\/pages\/39"}],"wp:attachment":[{"href":"https:\/\/nutrimental.com.br\/en\/wp-json\/wp\/v2\/media?parent=350"}],"curies":[{"name":"wp","href":"https:\/\/api.w.org\/{rel}","templated":true}]}}