{"id":1361,"date":"2018-01-25T12:26:53","date_gmt":"2018-01-25T14:26:53","guid":{"rendered":"http:\/\/sitenutrimental.com.br\/?page_id=1361"},"modified":"2024-06-18T15:10:24","modified_gmt":"2024-06-18T18:10:24","slug":"nossa-essencia","status":"publish","type":"page","link":"https:\/\/nutrimental.com.br\/en\/a-nutrimental\/nossa-essencia\/","title":{"rendered":"Our Essence"},"content":{"rendered":"<div id=\"pl-1361\"  class=\"panel-layout\" ><div id=\"pg-1361-0\"  class=\"panel-grid panel-has-style\" ><div class=\"siteorigin-panels-stretch panel-row-style panel-row-style-for-1361-0\" data-stretch-type=\"full\" ><div id=\"pgc-1361-0-0\"  class=\"panel-grid-cell\" ><\/div><\/div><\/div><div id=\"pg-1361-1\"  class=\"panel-grid panel-has-style\" ><div class=\"siteorigin-panels-stretch panel-row-style panel-row-style-for-1361-1\" id=\"curva-banners\" data-stretch-type=\"full\" ><div id=\"pgc-1361-1-0\"  class=\"panel-grid-cell\" ><div id=\"panel-1361-1-0-0\" class=\"so-panel widget widget_sow-image panel-first-child panel-last-child\" data-index=\"1\" ><div class=\"panel-widget-style panel-widget-style-for-1361-1-0-0\" ><div\n\t\t\t\n\t\t\tclass=\"so-widget-sow-image so-widget-sow-image-default-8b5b6f678277-1361\"\n\t\t\t\n\t\t>\n<div class=\"sow-image-container\">\n\t\t<img fetchpriority=\"high\" \n\tsrc=\"https:\/\/i0.wp.com\/nutrimental.com.br\/wp-content\/uploads\/2018\/01\/imagem-nossa-essencia-nutrimental.jpg?fit=357%2C601&amp;ssl=1\" width=\"357\" height=\"601\" srcset=\"https:\/\/i0.wp.com\/nutrimental.com.br\/wp-content\/uploads\/2018\/01\/imagem-nossa-essencia-nutrimental.jpg?w=357&amp;ssl=1 357w, https:\/\/i0.wp.com\/nutrimental.com.br\/wp-content\/uploads\/2018\/01\/imagem-nossa-essencia-nutrimental.jpg?resize=178%2C300&amp;ssl=1 178w\" title=\"Nossa Ess\u00eancia  &#8211; Nutrimental\" alt=\"Nossa Ess\u00eancia  - Nutrimental\" \t\tclass=\"so-widget-image\"\/>\n\t<\/div>\n\n<\/div><\/div><\/div><\/div><div id=\"pgc-1361-1-1\"  class=\"panel-grid-cell\" ><div id=\"panel-1361-1-1-0\" class=\"so-panel widget widget_sow-editor panel-first-child panel-last-child\" data-index=\"2\" ><div class=\"thin panel-widget-style panel-widget-style-for-1361-1-1-0\" ><div\n\t\t\t\n\t\t\tclass=\"so-widget-sow-editor so-widget-sow-editor-base\"\n\t\t\t\n\t\t>\n<div class=\"siteorigin-widget-tinymce textwidget\">\n\t<h2 style=\"text-align: left; margin-bottom: 5px; margin-top: 5px;\">Our Essence<\/h2>\n<h3 style=\"text-align: left; margin-top: 0;\"><b>Nourishing every moment of life<\/b><br \/>\n<img data-recalc-dims=\"1\" decoding=\"async\" class=\"separador alignnone wp-image-260 size-medium\" src=\"https:\/\/i0.wp.com\/nutrimental.com.br\/wp-content\/uploads\/2018\/01\/padrao-separador-titulo-300x3.png?resize=300%2C3&#038;ssl=1\" alt=\"Separador\" width=\"300\" height=\"3\" srcset=\"https:\/\/i0.wp.com\/nutrimental.com.br\/wp-content\/uploads\/2018\/01\/padrao-separador-titulo.png?resize=300%2C3&amp;ssl=1 300w, https:\/\/i0.wp.com\/nutrimental.com.br\/wp-content\/uploads\/2018\/01\/padrao-separador-titulo.png?resize=436%2C5&amp;ssl=1 436w, https:\/\/i0.wp.com\/nutrimental.com.br\/wp-content\/uploads\/2018\/01\/padrao-separador-titulo.png?w=483&amp;ssl=1 483w\" sizes=\"(max-width: 300px) 100vw, 300px\" \/><\/h3>\n<p style=\"text-align: justify;\"><span style=\"font-weight: 400;\">Since its foundation in 1968, Nutrimental has maintained its commitment to <\/span><b>nutrition<\/b><span style=\"font-weight: 400;\">, investing in <\/span><b>research<\/b><span style=\"font-weight: 400;\"> and <\/span><b>development<\/b><span style=\"font-weight: 400;\"> of <\/span><b>food technology<\/b><span style=\"font-weight: 400;\">, to offer the market <\/span><b>healthy and practical<\/b><span style=\"font-weight: 400;\">products that meet the highest national and international quality standards <\/span><b>.<\/b><span style=\"font-weight: 400;\">. <\/span><\/p>\n<p style=\"text-align: justify;\"><span style=\"font-weight: 400;\">Through a philosophy of <\/span><b>responsible growth<\/b><span style=\"font-weight: 400;\">, with continuous <\/span><b>appreciation of the human being<\/b><span style=\"font-weight: 400;\">, Nutrimental has gained a prominent <\/span><b>space in the markets in which it operates <\/b><span style=\"font-weight: 400;\">, anchored in the <\/span><b>confidence <\/b><span style=\"font-weight: 400;\">of its <\/span><b>employees, suppliers, customers <\/b><span style=\"font-weight: 400;\">and <\/span><b>consumers.<\/b><\/p>\n<h3 style=\"text-align: justify;\"><b>MISSION<\/b><\/h3>\n<p style=\"text-align: justify;\"><span style=\"font-weight: 400;\">\"Offer healthy and practical food, respecting and valuing life and human beings\".<\/span><\/p>\n<h3 style=\"text-align: justify;\"><b>VISION<\/b><\/h3>\n<p style=\"text-align: justify;\"><span style=\"font-weight: 400;\">Be a reference in healthy eating by providing innovative products of unparalleled quality that meet the needs, desires and desires of consumers. Offer creative solutions through strong partnerships with our suppliers and customers in the most diverse areas of activity. Develop our appreciative culture in order to have the best work environment in which the strengths of each of the employees can be used in the best way aimed at well-being, happiness at work and ensuring the achievement of the agreed results.<\/span><\/p>\n<h3 style=\"text-align: justify;\"><b>VALUES<\/b><\/h3>\n<p style=\"text-align: justify;\"><strong>Continuous Learning<br \/>\n<\/strong><span style=\"font-weight: 400;\">Enables achievement, human development, and continuous empowerment for change.<\/span><br \/>\n<strong>Integrity<br \/>\n<\/strong><span style=\"font-weight: 400;\">Promotes coherence and ethics, creates conditions for other values to develop.<\/span><br \/>\n<strong>Innovation<br \/>\n<\/strong><span style=\"font-weight: 400;\">Meets the needs of evolution and demands creativity, which naturally flourishes when there is a climate of trust, and freedom for individual and collective manifestations.<\/span><br \/>\n<strong>Horizontality<br \/>\n<\/strong><span style=\"font-weight: 400;\">Means openness of ideas and freedom with responsibility, according to the skills of each person. Assumes that all people in the organization are relevant parts of the decision-making process. Therefore, it scrambles structures and requires re-education, team vision, and delegation.<br \/>\n<\/span><strong>Orienta\u00e7\u00e3o para Resultados<br \/>\n<\/strong><span style=\"font-weight: 400;\">Resultados s\u00f3lidos e crescentes garantem a realiza\u00e7\u00e3o da miss\u00e3o e a longevidade da empresa, contribuindo para a sustenta\u00e7\u00e3o e amplia\u00e7\u00e3o de seus impactos positivos para toda a sociedade.<\/span><\/p>\n<h3 style=\"text-align: justify;\"><\/h3>\n<p style=\"text-align: justify;\"><span style=\"font-weight: 400;\">\u00a0<\/span><\/p>\n<h3 style=\"text-align: justify;\"><b>QUALITY POLICY <\/b><\/h3>\n<p><span style=\"font-weight: 400;\">Desenvolver, fabricar e oferecer produtos aliment\u00edcios com elevados padr\u00f5es de qualidade, atendendo \u00e0s necessidades e expectativas dos nossos consumidores e clientes, comprometendo-nos a atender os requisitos aplic\u00e1veis. Promover rela\u00e7\u00f5es saud\u00e1veis com nossos colaboradores e parceiros, atrav\u00e9s da melhoria cont\u00ednua do Sistema de Gest\u00e3o da Qualidade e seguran\u00e7a dos alimentos.<\/span><\/p>\n<\/div>\n<\/div><\/div><\/div><\/div><\/div><\/div><div id=\"pg-1361-2\"  class=\"panel-grid panel-has-style\" ><div class=\"siteorigin-panels-stretch panel-row-style panel-row-style-for-1361-2\" data-stretch-type=\"full\" ><div id=\"pgc-1361-2-0\"  class=\"panel-grid-cell\" ><div id=\"panel-1361-2-0-0\" class=\"so-panel widget widget_sow-editor panel-first-child\" data-index=\"3\" ><div\n\t\t\t\n\t\t\tclass=\"so-widget-sow-editor so-widget-sow-editor-base\"\n\t\t\t\n\t\t>\n<div class=\"siteorigin-widget-tinymce textwidget\">\n\t<h1 style=\"text-align: center;\"><span style=\"color: #ffffff;\"><strong>Contact Us<\/strong><\/span><\/h1>\n<\/div>\n<\/div><\/div><div id=\"panel-1361-2-0-1\" class=\"so-panel widget panel-last-child\" data-index=\"4\" ><\/div><\/div><\/div><\/div><\/div>","protected":false},"excerpt":{"rendered":"<p>Nossa Ess\u00eancia Nutrindo todos os momentos da vida Desde sua funda\u00e7\u00e3o, em 1968, a Nutrimental mant\u00e9m seu compromisso com a nutri\u00e7\u00e3o, investindo em pesquisa e desenvolvimento de tecnologia alimentar, para ofertar ao mercado produtos saud\u00e1veis e pr\u00e1ticos, que atendem aos mais altos padr\u00f5es nacionais e internacionais de qualidade. Atrav\u00e9s de uma filosofia de crescimento respons\u00e1vel, [&hellip;]<\/p>","protected":false},"author":1,"featured_media":0,"parent":37,"menu_order":0,"comment_status":"closed","ping_status":"closed","template":"templates\/template-full-notitle.php","meta":{"footnotes":""},"class_list":["post-1361","page","type-page","status-publish","hentry","post"],"aioseo_notices":[],"_links":{"self":[{"href":"https:\/\/nutrimental.com.br\/en\/wp-json\/wp\/v2\/pages\/1361","targetHints":{"allow":["GET"]}}],"collection":[{"href":"https:\/\/nutrimental.com.br\/en\/wp-json\/wp\/v2\/pages"}],"about":[{"href":"https:\/\/nutrimental.com.br\/en\/wp-json\/wp\/v2\/types\/page"}],"author":[{"embeddable":true,"href":"https:\/\/nutrimental.com.br\/en\/wp-json\/wp\/v2\/users\/1"}],"replies":[{"embeddable":true,"href":"https:\/\/nutrimental.com.br\/en\/wp-json\/wp\/v2\/comments?post=1361"}],"version-history":[{"count":229,"href":"https:\/\/nutrimental.com.br\/en\/wp-json\/wp\/v2\/pages\/1361\/revisions"}],"predecessor-version":[{"id":66583,"href":"https:\/\/nutrimental.com.br\/en\/wp-json\/wp\/v2\/pages\/1361\/revisions\/66583"}],"up":[{"embeddable":true,"href":"https:\/\/nutrimental.com.br\/en\/wp-json\/wp\/v2\/pages\/37"}],"wp:attachment":[{"href":"https:\/\/nutrimental.com.br\/en\/wp-json\/wp\/v2\/media?parent=1361"}],"curies":[{"name":"wp","href":"https:\/\/api.w.org\/{rel}","templated":true}]}}