{"id":1164,"date":"2018-01-25T09:47:32","date_gmt":"2018-01-25T11:47:32","guid":{"rendered":"http:\/\/sitenutrimental.com.br\/?page_id=1164"},"modified":"2019-12-10T18:32:13","modified_gmt":"2019-12-10T21:32:13","slug":"food-ingredients","status":"publish","type":"page","link":"https:\/\/nutrimental.com.br\/en\/segmentos-de-negocio\/food-ingredients\/","title":{"rendered":"Food Ingredients"},"content":{"rendered":"<div id=\"pl-1164\"  class=\"panel-layout\" ><div id=\"pg-1164-0\"  class=\"panel-grid panel-has-style\" ><div class=\"siteorigin-panels-stretch panel-row-style panel-row-style-for-1164-0\" data-stretch-type=\"full\" ><div id=\"pgc-1164-0-0\"  class=\"panel-grid-cell\" ><\/div><\/div><\/div><div id=\"pg-1164-1\"  class=\"panel-grid panel-has-style\" ><div class=\"siteorigin-panels-stretch panel-row-style panel-row-style-for-1164-1\" id=\"curva-banners\" data-stretch-type=\"full\" ><div id=\"pgc-1164-1-0\"  class=\"panel-grid-cell\" ><div id=\"panel-1164-1-0-0\" class=\"so-panel widget widget_sow-editor panel-first-child panel-last-child\" data-index=\"1\" ><div class=\"thin sem-margem panel-widget-style panel-widget-style-for-1164-1-0-0\" ><div\n\t\t\t\n\t\t\tclass=\"so-widget-sow-editor so-widget-sow-editor-base\"\n\t\t\t\n\t\t>\n<div class=\"siteorigin-widget-tinymce textwidget\">\n\t<h2><img loading=\"lazy\" data-recalc-dims=\"1\" decoding=\"async\" class=\"alignnone wp-image-4569\" src=\"https:\/\/i0.wp.com\/sitenutrimental.com.br\/wp-content\/uploads\/2018\/05\/logo-nutrimental-food-ingredients-e1529343532187-300x90.png?resize=250%2C75\" alt=\"\" width=\"250\" height=\"75\" srcset=\"https:\/\/i0.wp.com\/nutrimental.com.br\/wp-content\/uploads\/2018\/05\/logo-nutrimental-food-ingredients-e1529343532187.png?resize=300%2C90&amp;ssl=1 300w, https:\/\/i0.wp.com\/nutrimental.com.br\/wp-content\/uploads\/2018\/05\/logo-nutrimental-food-ingredients-e1529343532187.png?w=450&amp;ssl=1 450w\" sizes=\"(max-width: 250px) 100vw, 250px\" \/><\/h2>\n<h2>Quality raw materials for the food industry<\/h2>\n<p>Nutrimental also develops and produces raw materials for the food industry. There are several mixes designed to increase your company's product line, which highlight notes of smell, flavor and freshness, such as dehydrated vegetables and fruits, and can be used in a large number of foods, such as breads, cookies, pasta, cheeses, sausages, soups, sauces, among others.<\/p>\n<p>In addition to the attractive visual appeal, providing the industrialized product with a more natural appearance, its components have wettability, dispersity and can be found in the form of powder, flakes, granules and cubes or in a customized format for the customer.<\/p>\n<\/div>\n<\/div><\/div><\/div><\/div><div id=\"pgc-1164-1-1\"  class=\"panel-grid-cell\" ><div id=\"panel-1164-1-1-0\" class=\"so-panel widget widget_sow-image panel-first-child panel-last-child\" data-index=\"2\" ><div class=\"panel-widget-style panel-widget-style-for-1164-1-1-0\" ><div\n\t\t\t\n\t\t\tclass=\"so-widget-sow-image so-widget-sow-image-default-c67d20f9f743-1164\"\n\t\t\t\n\t\t>\n<div class=\"sow-image-container\">\n\t\t<img loading=\"lazy\" \n\tsrc=\"https:\/\/i0.wp.com\/nutrimental.com.br\/wp-content\/uploads\/2018\/06\/tipo-especiarias-1.jpg?fit=990%2C578&amp;ssl=1\" width=\"990\" height=\"578\" srcset=\"https:\/\/i0.wp.com\/nutrimental.com.br\/wp-content\/uploads\/2018\/06\/tipo-especiarias-1.jpg?w=990&amp;ssl=1 990w, https:\/\/i0.wp.com\/nutrimental.com.br\/wp-content\/uploads\/2018\/06\/tipo-especiarias-1.jpg?resize=300%2C175&amp;ssl=1 300w, https:\/\/i0.wp.com\/nutrimental.com.br\/wp-content\/uploads\/2018\/06\/tipo-especiarias-1.jpg?resize=768%2C448&amp;ssl=1 768w\" title=\"Nutrimental Food Ingretients Exporta\u00e7\u00e3o\" alt=\"Nutrimental Food Ingretients Exporta\u00e7\u00e3o\" \t\tclass=\"so-widget-image\"\/>\n\t<\/div>\n\n<\/div><\/div><\/div><\/div><\/div><\/div><div id=\"pg-1164-2\"  class=\"panel-grid panel-has-style\" ><div class=\"siteorigin-panels-stretch panel-row-style panel-row-style-for-1164-2\" data-stretch-type=\"full\" ><div id=\"pgc-1164-2-0\"  class=\"panel-grid-cell\" ><div id=\"panel-1164-2-0-0\" class=\"so-panel widget widget_sow-image panel-first-child panel-last-child\" data-index=\"3\" ><div class=\"mg-bottom panel-widget-style panel-widget-style-for-1164-2-0-0\" ><div\n\t\t\t\n\t\t\tclass=\"so-widget-sow-image so-widget-sow-image-default-4e6925654b7a-1164\"\n\t\t\t\n\t\t>\n<div class=\"sow-image-container\">\n\t\t\t<a href=\"https:\/\/nutrimental.com.br\/en\/segmentos-de-negocio\/food-ingredients\/produtos-ingredients\/\"\n\t\t\t\t\t>\n\t\t\t<img loading=\"lazy\" \n\tsrc=\"https:\/\/i0.wp.com\/nutrimental.com.br\/wp-content\/uploads\/2018\/06\/produtos-food-ingredients-produtos.png?fit=867%2C513&amp;ssl=1\" width=\"867\" height=\"513\" srcset=\"https:\/\/i0.wp.com\/nutrimental.com.br\/wp-content\/uploads\/2018\/06\/produtos-food-ingredients-produtos.png?w=867&amp;ssl=1 867w, https:\/\/i0.wp.com\/nutrimental.com.br\/wp-content\/uploads\/2018\/06\/produtos-food-ingredients-produtos.png?resize=300%2C178&amp;ssl=1 300w, https:\/\/i0.wp.com\/nutrimental.com.br\/wp-content\/uploads\/2018\/06\/produtos-food-ingredients-produtos.png?resize=768%2C454&amp;ssl=1 768w\" title=\"Food Ingredients &#8211; Produtos\" alt=\"Food Ingredients - Produtos\" \t\tclass=\"so-widget-image\"\/>\n\t\t\t<\/a><\/div>\n\n<\/div><\/div><\/div><\/div><div id=\"pgc-1164-2-1\"  class=\"panel-grid-cell panel-grid-cell-empty\" ><\/div><div id=\"pgc-1164-2-2\"  class=\"panel-grid-cell panel-grid-cell-mobile-last\" ><div id=\"panel-1164-2-2-0\" class=\"so-panel widget widget_sow-editor panel-first-child\" data-index=\"4\" ><div class=\"box-text-produtos panel-widget-style panel-widget-style-for-1164-2-2-0\" ><div\n\t\t\t\n\t\t\tclass=\"so-widget-sow-editor so-widget-sow-editor-base\"\n\t\t\t\n\t\t>\n<div class=\"siteorigin-widget-tinymce textwidget\">\n\t<h2 class=\"mg-bottom-none mg-top-none\" style=\"text-align: left;\"><span style=\"color: #f7a600;\">Products &amp;<br \/>\nApplications<\/span><\/h2>\n<p>Increase your industry's product line with our dehydrated vegetables and fruits.<\/p>\n<\/div>\n<\/div><\/div><\/div><div id=\"panel-1164-2-2-1\" class=\"so-panel widget widget_sow-button panel-last-child\" data-index=\"5\" ><div\n\t\t\t\n\t\t\tclass=\"so-widget-sow-button so-widget-sow-button-flat-b63f53cc9c66-1164\"\n\t\t\t\n\t\t><div class=\"ow-button-base ow-button-align-center\"\n>\n\t\t\t<a\n\t\t\t\t\thref=\"https:\/\/nutrimental.com.br\/en\/segmentos-de-negocio\/food-ingredients\/produtos-ingredients\/\"\n\t\t\t\t\tclass=\"botao-saiba-mais normalder sowb-button ow-icon-placement-left ow-button-hover\" \t>\n\t\t<span>\n\t\t\t\n\t\t\tFind out more\t\t<\/span>\n\t\t\t<\/a>\n\t<\/div>\n<\/div><\/div><\/div><div id=\"pgc-1164-2-3\"  class=\"panel-grid-cell panel-grid-cell-empty\" ><\/div><\/div><\/div><div id=\"pg-1164-3\"  class=\"panel-grid panel-has-style\" ><div class=\"siteorigin-panels-stretch panel-row-style panel-row-style-for-1164-3\" data-stretch-type=\"full\" ><div id=\"pgc-1164-3-0\"  class=\"panel-grid-cell panel-grid-cell-empty\" ><\/div><div id=\"pgc-1164-3-1\"  class=\"panel-grid-cell\" ><div id=\"panel-1164-3-1-0\" class=\"so-panel widget widget_sow-editor panel-first-child\" data-index=\"6\" ><div class=\"box-text-produtos panel-widget-style panel-widget-style-for-1164-3-1-0\" ><div\n\t\t\t\n\t\t\tclass=\"so-widget-sow-editor so-widget-sow-editor-base\"\n\t\t\t\n\t\t>\n<div class=\"siteorigin-widget-tinymce textwidget\">\n\t<h2 class=\"mg-bottom-none mg-top-none\" style=\"text-align: right;\"><span style=\"color: #f7a600;\">Recipes<\/span><\/h2>\n<p style=\"text-align: right;\">Quality ingredients for food preparation.<\/p>\n<\/div>\n<\/div><\/div><\/div><div id=\"panel-1164-3-1-1\" class=\"so-panel widget widget_sow-button panel-last-child\" data-index=\"7\" ><div\n\t\t\t\n\t\t\tclass=\"so-widget-sow-button so-widget-sow-button-flat-b63f53cc9c66-1164\"\n\t\t\t\n\t\t><div class=\"ow-button-base ow-button-align-center\"\n>\n\t\t\t<a\n\t\t\t\t\thref=\"https:\/\/nutrimental.com.br\/en\/segmentos-de-negocio\/food-ingredients\/aplicacao-2\/\"\n\t\t\t\t\tclass=\"botao-saiba-mais normalder sowb-button ow-icon-placement-left ow-button-hover\" \t>\n\t\t<span>\n\t\t\t\n\t\t\tFind out more\t\t<\/span>\n\t\t\t<\/a>\n\t<\/div>\n<\/div><\/div><\/div><div id=\"pgc-1164-3-2\"  class=\"panel-grid-cell panel-grid-cell-empty\" ><\/div><div id=\"pgc-1164-3-3\"  class=\"panel-grid-cell\" ><div id=\"panel-1164-3-3-0\" class=\"so-panel widget widget_sow-image panel-first-child panel-last-child\" data-index=\"8\" ><div class=\"mg-bottom panel-widget-style panel-widget-style-for-1164-3-3-0\" ><div\n\t\t\t\n\t\t\tclass=\"so-widget-sow-image so-widget-sow-image-default-c67d20f9f743-1164\"\n\t\t\t\n\t\t>\n<div class=\"sow-image-container\">\n\t\t\t<a href=\"https:\/\/nutrimental.com.br\/en\/segmentos-de-negocio\/food-ingredients\/aplicacao-2\/\"\n\t\t\t\t\t>\n\t\t\t<img loading=\"lazy\" \n\tsrc=\"https:\/\/i0.wp.com\/nutrimental.com.br\/wp-content\/uploads\/2018\/06\/produtos-home-food-ingredients-receitas-e1533668482272.png?fit=867%2C513&amp;ssl=1\" width=\"867\" height=\"513\" srcset=\"https:\/\/i0.wp.com\/nutrimental.com.br\/wp-content\/uploads\/2018\/06\/produtos-home-food-ingredients-receitas-e1533668482272.png?w=867&amp;ssl=1 867w, https:\/\/i0.wp.com\/nutrimental.com.br\/wp-content\/uploads\/2018\/06\/produtos-home-food-ingredients-receitas-e1533668482272.png?resize=300%2C178&amp;ssl=1 300w, https:\/\/i0.wp.com\/nutrimental.com.br\/wp-content\/uploads\/2018\/06\/produtos-home-food-ingredients-receitas-e1533668482272.png?resize=768%2C454&amp;ssl=1 768w\" title=\"Segmentos de Neg\u00f3cio - Food Ingredients\" alt=\"Segmentos de Neg\u00f3cio - Food Ingredients\" \t\tclass=\"so-widget-image\"\/>\n\t\t\t<\/a><\/div>\n\n<\/div><\/div><\/div><\/div><\/div><\/div><div id=\"pg-1164-4\"  class=\"panel-grid panel-has-style\" ><div class=\"siteorigin-panels-stretch panel-row-style panel-row-style-for-1164-4\" data-stretch-type=\"full\" ><div id=\"pgc-1164-4-0\"  class=\"panel-grid-cell\" ><div id=\"panel-1164-4-0-0\" class=\"so-panel widget widget_sow-image panel-first-child panel-last-child\" data-index=\"9\" ><div\n\t\t\t\n\t\t\tclass=\"so-widget-sow-image so-widget-sow-image-default-4e6925654b7a-1164\"\n\t\t\t\n\t\t>\n<div class=\"sow-image-container\">\n\t\t\t<a href=\"https:\/\/nutrimental.com.br\/en\/segmentos-de-negocio\/food-ingredients\/nutropi-4\/\"\n\t\t\t\t\t>\n\t\t\t<img loading=\"lazy\" \n\tsrc=\"https:\/\/i0.wp.com\/nutrimental.com.br\/wp-content\/uploads\/2018\/06\/produtos-food-ingredients-nutropi.png?fit=867%2C513&amp;ssl=1\" width=\"867\" height=\"513\" srcset=\"https:\/\/i0.wp.com\/nutrimental.com.br\/wp-content\/uploads\/2018\/06\/produtos-food-ingredients-nutropi.png?w=867&amp;ssl=1 867w, https:\/\/i0.wp.com\/nutrimental.com.br\/wp-content\/uploads\/2018\/06\/produtos-food-ingredients-nutropi.png?resize=300%2C178&amp;ssl=1 300w, https:\/\/i0.wp.com\/nutrimental.com.br\/wp-content\/uploads\/2018\/06\/produtos-food-ingredients-nutropi.png?resize=768%2C454&amp;ssl=1 768w\" title=\"Food Ingredients  -Nutropi\" alt=\"Food Ingredients  -Nutropi\" \t\tclass=\"so-widget-image\"\/>\n\t\t\t<\/a><\/div>\n\n<\/div><\/div><\/div><div id=\"pgc-1164-4-1\"  class=\"panel-grid-cell panel-grid-cell-empty\" ><\/div><div id=\"pgc-1164-4-2\"  class=\"panel-grid-cell panel-grid-cell-mobile-last\" ><div id=\"panel-1164-4-2-0\" class=\"so-panel widget widget_sow-editor panel-first-child\" data-index=\"10\" ><div class=\"box-text-produtos no-bottom-margin sem-margem panel-widget-style panel-widget-style-for-1164-4-2-0\" ><div\n\t\t\t\n\t\t\tclass=\"so-widget-sow-editor so-widget-sow-editor-base\"\n\t\t\t\n\t\t>\n<div class=\"siteorigin-widget-tinymce textwidget\">\n\t<h2><img loading=\"lazy\" data-recalc-dims=\"1\" decoding=\"async\" class=\"mg-top-none logo-nutropi alignleft wp-image-5594 size-medium\" src=\"https:\/\/i0.wp.com\/nutrimental.com.br\/wp-content\/uploads\/2018\/06\/produto-food-ingredientes-nutropi-logo-1-e1533669832627-300x87.png?resize=300%2C87\" alt=\"Nutropi\" width=\"300\" height=\"87\" srcset=\"https:\/\/i0.wp.com\/nutrimental.com.br\/wp-content\/uploads\/2018\/06\/produto-food-ingredientes-nutropi-logo-1-e1533669832627.png?resize=300%2C87&amp;ssl=1 300w, https:\/\/i0.wp.com\/nutrimental.com.br\/wp-content\/uploads\/2018\/06\/produto-food-ingredientes-nutropi-logo-1-e1533669832627.png?w=468&amp;ssl=1 468w\" sizes=\"(max-width: 300px) 100vw, 300px\" \/><\/h2>\n<p style=\"clear: both; margin-top: 0;\">Exclusive technology that reproduces the characteristics of fruits with visual appeal and impact on flavor.<\/p>\n<\/div>\n<\/div><\/div><\/div><div id=\"panel-1164-4-2-1\" class=\"so-panel widget widget_sow-button panel-last-child\" data-index=\"11\" ><div\n\t\t\t\n\t\t\tclass=\"so-widget-sow-button so-widget-sow-button-flat-b63f53cc9c66-1164\"\n\t\t\t\n\t\t><div class=\"ow-button-base ow-button-align-center\"\n>\n\t\t\t<a\n\t\t\t\t\thref=\"https:\/\/nutrimental.com.br\/en\/segmentos-de-negocio\/food-ingredients\/nutropi-4\/\"\n\t\t\t\t\tclass=\"botao-saiba-mais normalder sowb-button ow-icon-placement-left ow-button-hover\" \t>\n\t\t<span>\n\t\t\t\n\t\t\tFind out more\t\t<\/span>\n\t\t\t<\/a>\n\t<\/div>\n<\/div><\/div><\/div><div id=\"pgc-1164-4-3\"  class=\"panel-grid-cell panel-grid-cell-empty\" ><\/div><\/div><\/div><div id=\"pg-1164-5\"  class=\"panel-grid panel-has-style\" ><div class=\"siteorigin-panels-stretch panel-row-style panel-row-style-for-1164-5\" data-stretch-type=\"full\" ><div id=\"pgc-1164-5-0\"  class=\"panel-grid-cell\" ><div id=\"panel-1164-5-0-0\" class=\"so-panel widget widget_sow-button panel-first-child\" data-index=\"12\" ><div\n\t\t\t\n\t\t\tclass=\"so-widget-sow-button so-widget-sow-button-flat-54f747f08a7d-1164\"\n\t\t\t\n\t\t><div class=\"ow-button-base ow-button-align-center\"\n>\n\t\t\t<a\n\t\t\t\t\thref=\"mailto:industrial@nutrimental.com.br\"\n\t\t\t\t\tclass=\"lighter sowb-button ow-icon-placement-left ow-button-hover\" \t>\n\t\t<span>\n\t\t\t\n\t\t\tContact our Food Ingredients team\t\t<\/span>\n\t\t\t<\/a>\n\t<\/div>\n<\/div><\/div><div id=\"panel-1164-5-0-1\" class=\"so-panel widget widget_sow-editor panel-last-child\" data-index=\"13\" ><div class=\"thin panel-widget-style panel-widget-style-for-1164-5-0-1\" ><div\n\t\t\t\n\t\t\tclass=\"so-widget-sow-editor so-widget-sow-editor-base\"\n\t\t\t\n\t\t>\n<div class=\"siteorigin-widget-tinymce textwidget\">\n\t<h3 style=\"text-align: center;\">Food Ingredients Team<\/h3>\n<p style=\"text-align: center;\"><a href=\"mailto:industrial@nutrimental.com.br\"><img loading=\"lazy\" data-recalc-dims=\"1\" decoding=\"async\" class=\"size-full wp-image-5414\" style=\"display: inline-block; vertical-align: middle;\" src=\"https:\/\/i0.wp.com\/nutrimental.com.br\/wp-content\/uploads\/2018\/06\/icone-email-exportacao.png?resize=25%2C25\" alt=\"\" width=\"25\" height=\"25\" \/> industrial@nutrimental.com.br<\/a><\/p>\n<\/div>\n<\/div><\/div><\/div><\/div><\/div><\/div><div id=\"pg-1164-6\"  class=\"panel-grid panel-has-style\" ><div class=\"siteorigin-panels-stretch panel-row-style panel-row-style-for-1164-6\" data-stretch-type=\"full\" ><div id=\"pgc-1164-6-0\"  class=\"panel-grid-cell\" ><div id=\"panel-1164-6-0-0\" class=\"so-panel widget widget_sow-editor panel-first-child\" data-index=\"14\" ><div\n\t\t\t\n\t\t\tclass=\"so-widget-sow-editor so-widget-sow-editor-base\"\n\t\t\t\n\t\t>\n<div class=\"siteorigin-widget-tinymce textwidget\">\n\t<h1 style=\"text-align: center;\"><span style=\"color: #ffffff;\"><strong>Contact Us<\/strong><\/span><\/h1>\n<\/div>\n<\/div><\/div><div id=\"panel-1164-6-0-1\" class=\"so-panel widget panel-last-child\" data-index=\"15\" ><\/div><\/div><\/div><\/div><\/div>","protected":false},"excerpt":{"rendered":"<p>Mat\u00e9rias-primas de qualidade para a ind\u00fastria aliment\u00edcia A Nutrimental tamb\u00e9m desenvolve e produz mat\u00e9rias-primas para a ind\u00fastria aliment\u00edcia. S\u00e3o v\u00e1rios mixes elaborados para incrementar a linha de produtos da sua empresa, que destacam notas de odor, sabor e frescor, como por exemplo, vegetais e frutas desidratadas, podendo ser utilizados em um grande n\u00famero de alimentos, [&hellip;]<\/p>","protected":false},"author":1,"featured_media":0,"parent":1294,"menu_order":0,"comment_status":"closed","ping_status":"closed","template":"templates\/template-full-notitle.php","meta":{"footnotes":""},"class_list":["post-1164","page","type-page","status-publish","hentry","post"],"aioseo_notices":[],"_links":{"self":[{"href":"https:\/\/nutrimental.com.br\/en\/wp-json\/wp\/v2\/pages\/1164","targetHints":{"allow":["GET"]}}],"collection":[{"href":"https:\/\/nutrimental.com.br\/en\/wp-json\/wp\/v2\/pages"}],"about":[{"href":"https:\/\/nutrimental.com.br\/en\/wp-json\/wp\/v2\/types\/page"}],"author":[{"embeddable":true,"href":"https:\/\/nutrimental.com.br\/en\/wp-json\/wp\/v2\/users\/1"}],"replies":[{"embeddable":true,"href":"https:\/\/nutrimental.com.br\/en\/wp-json\/wp\/v2\/comments?post=1164"}],"version-history":[{"count":192,"href":"https:\/\/nutrimental.com.br\/en\/wp-json\/wp\/v2\/pages\/1164\/revisions"}],"predecessor-version":[{"id":16801,"href":"https:\/\/nutrimental.com.br\/en\/wp-json\/wp\/v2\/pages\/1164\/revisions\/16801"}],"up":[{"embeddable":true,"href":"https:\/\/nutrimental.com.br\/en\/wp-json\/wp\/v2\/pages\/1294"}],"wp:attachment":[{"href":"https:\/\/nutrimental.com.br\/en\/wp-json\/wp\/v2\/media?parent=1164"}],"curies":[{"name":"wp","href":"https:\/\/api.w.org\/{rel}","templated":true}]}}